{"id":13469,"date":"2026-03-31T06:42:00","date_gmt":"2026-03-31T06:42:00","guid":{"rendered":"https:\/\/shoptoyourneeds.shop\/?post_type=product&#038;p=13469"},"modified":"2026-03-31T06:46:40","modified_gmt":"2026-03-31T06:46:40","slug":"capsulas-probioticas-para-la-mujer-control-del-olor-con-extracto-de-arandano-rojo-formula-para-el-equilibrio-del-ph-y-el-bienestar-femenino","status":"publish","type":"product","link":"https:\/\/shoptoyourneeds.shop\/da\/vare\/capsulas-probioticas-para-la-mujer-control-del-olor-con-extracto-de-arandano-rojo-formula-para-el-equilibrio-del-ph-y-el-bienestar-femenino\/","title":{"rendered":"C\u00e1psulas Probi\u00f3ticas para la Mujer | Control del Olor con Extracto de Ar\u00e1ndano Rojo | F\u00f3rmula para el Equilibrio del pH y el Bienestar Femenino"},"content":{"rendered":"<div data-elementor-type=\"product-post\" data-elementor-id=\"13469\" class=\"elementor elementor-13469\" data-elementor-post-type=\"product\">\n\t\t\t\t<div class=\"elementor-element elementor-element-379c0ad4 e-flex e-con-boxed e-con e-parent\" data-id=\"379c0ad4\" data-element_type=\"container\" data-settings=\"{&quot;ekit_has_onepagescroll_dot&quot;:&quot;yes&quot;}\">\n\t\t\t\t\t<div class=\"e-con-inner\">\n\t\t<div class=\"elementor-element elementor-element-27748ac2 e-con-full e-flex e-con e-child\" data-id=\"27748ac2\" data-element_type=\"container\" data-settings=\"{&quot;ekit_has_onepagescroll_dot&quot;:&quot;yes&quot;}\">\n\t\t\t\t<div class=\"elementor-element elementor-element-31f18dae elementor-widget elementor-widget-video\" data-id=\"31f18dae\" data-element_type=\"widget\" data-settings=\"{&quot;video_type&quot;:&quot;hosted&quot;,&quot;controls&quot;:&quot;yes&quot;,&quot;ekit_we_effect_on&quot;:&quot;none&quot;}\" data-widget_type=\"video.default\">\n\t\t\t\t<div class=\"elementor-widget-container\">\n\t\t\t\t\t\t\t<div class=\"e-hosted-video elementor-wrapper elementor-open-inline\">\n\t\t\t\t\t<video class=\"elementor-video\" src=\"https:\/\/shoptoyourneeds.shop\/wp-content\/uploads\/2026\/03\/video_2026-02-09_21-15-10.mp4\" controls=\"\" preload=\"metadata\" controlslist=\"nodownload\"><\/video>\n\t\t\t\t<\/div>\n\t\t\t\t\t\t<\/div>\n\t\t\t\t<\/div>\n\t\t\t\t<div class=\"elementor-element elementor-element-3c0e1018 elementor-widget elementor-widget-image\" data-id=\"3c0e1018\" data-element_type=\"widget\" data-settings=\"{&quot;ekit_we_effect_on&quot;:&quot;none&quot;}\" data-widget_type=\"image.default\">\n\t\t\t\t<div class=\"elementor-widget-container\">\n\t\t\t\t\t\t\t\t\t\t\t\t\t\t\t<img loading=\"lazy\" decoding=\"async\" width=\"1464\" height=\"600\" src=\"https:\/\/shoptoyourneeds.shop\/wp-content\/uploads\/2026\/03\/60620101-4818-419d-ad1f-04474aeeaa2b.__CR001464600_PT0_SX1464_V1___.jpg\" class=\"attachment-full size-full wp-image-13481 wvs-archive-product-image\" alt=\"\" srcset=\"https:\/\/shoptoyourneeds.shop\/wp-content\/uploads\/2026\/03\/60620101-4818-419d-ad1f-04474aeeaa2b.__CR001464600_PT0_SX1464_V1___.jpg 1464w, https:\/\/shoptoyourneeds.shop\/wp-content\/uploads\/2026\/03\/60620101-4818-419d-ad1f-04474aeeaa2b.__CR001464600_PT0_SX1464_V1___-300x123.jpg 300w, https:\/\/shoptoyourneeds.shop\/wp-content\/uploads\/2026\/03\/60620101-4818-419d-ad1f-04474aeeaa2b.__CR001464600_PT0_SX1464_V1___-1024x420.jpg 1024w, https:\/\/shoptoyourneeds.shop\/wp-content\/uploads\/2026\/03\/60620101-4818-419d-ad1f-04474aeeaa2b.__CR001464600_PT0_SX1464_V1___-768x315.jpg 768w, https:\/\/shoptoyourneeds.shop\/wp-content\/uploads\/2026\/03\/60620101-4818-419d-ad1f-04474aeeaa2b.__CR001464600_PT0_SX1464_V1___-18x7.jpg 18w, https:\/\/shoptoyourneeds.shop\/wp-content\/uploads\/2026\/03\/60620101-4818-419d-ad1f-04474aeeaa2b.__CR001464600_PT0_SX1464_V1___-600x246.jpg 600w, https:\/\/shoptoyourneeds.shop\/wp-content\/uploads\/2026\/03\/60620101-4818-419d-ad1f-04474aeeaa2b.__CR001464600_PT0_SX1464_V1___-1x1.jpg 1w, https:\/\/shoptoyourneeds.shop\/wp-content\/uploads\/2026\/03\/60620101-4818-419d-ad1f-04474aeeaa2b.__CR001464600_PT0_SX1464_V1___-10x4.jpg 10w\" sizes=\"auto, (max-width: 1464px) 100vw, 1464px\" \/>\t\t\t\t\t\t\t\t\t\t\t\t\t\t\t<\/div>\n\t\t\t\t<\/div>\n\t\t\t\t<\/div>\n\t\t<div class=\"elementor-element elementor-element-5ace1e53 e-con-full e-flex e-con e-child\" data-id=\"5ace1e53\" data-element_type=\"container\" data-settings=\"{&quot;ekit_has_onepagescroll_dot&quot;:&quot;yes&quot;}\">\n\t\t\t\t<div class=\"elementor-element elementor-element-45f37774 elementor-widget elementor-widget-text-editor\" data-id=\"45f37774\" data-element_type=\"widget\" data-settings=\"{&quot;ekit_we_effect_on&quot;:&quot;none&quot;}\" data-widget_type=\"text-editor.default\">\n\t\t\t\t<div class=\"elementor-widget-container\">\n\t\t\t\t\t\t\t\t\t<!DOCTYPE html>\n<html lang=\"es\">\n<head>\n    <meta charset=\"UTF-8\">\n    <meta name=\"viewport\" content=\"width=device-width, initial-scale=1.0\">\n    <title>Detalles del Producto<\/title>\n    <style>\n        * {\n            margin: 0;\n            padding: 0;\n            box-sizing: border-box;\n        }\n        \n        body {\n            font-family: -apple-system, BlinkMacSystemFont, 'Segoe UI', Roboto, sans-serif;\n            background-color: #f8f9fa;\n            color: #333;\n            line-height: 1.5;\n            padding: 16px;\n        }\n        \n        .product-container {\n            max-width: 800px;\n            margin: 0 auto;\n            background-color: #fff;\n            border-radius: 12px;\n            overflow: hidden;\n            box-shadow: 0 2px 12px rgba(0,0,0,0.08);\n        }\n        \n        .product-table {\n            width: 100%;\n        }\n        \n        .product-row {\n            display: flex;\n            border-bottom: 1px solid #e2e8f0;\n            min-height: 56px;\n            align-items: center;\n        }\n        \n        .product-row:last-child {\n            border-bottom: none;\n        }\n        \n        .product-label {\n            font-weight: 600;\n            color: #2d3748;\n            padding: 16px;\n            width: 45%;\n            font-size: 15px;\n            background-color: #fafafa;\n        }\n        \n        .product-value {\n            padding: 16px;\n            width: 55%;\n            font-size: 15px;\n            color: #4a5568;\n        }\n        \n        \/* Desktop *\/\n        @media (min-width: 768px) {\n            body {\n                padding: 24px;\n            }\n            \n            .product-container {\n                border-radius: 16px;\n                box-shadow: 0 4px 20px rgba(0,0,0,0.1);\n            }\n            \n            .product-label, .product-value {\n                padding: 18px 24px;\n                font-size: 16px;\n            }\n            \n            .product-label {\n                width: 40%;\n            }\n            \n            .product-value {\n                width: 60%;\n            }\n        }\n        \n        \/* Mobile small screens *\/\n        @media (max-width: 480px) {\n            .product-row {\n                flex-direction: column;\n                align-items: flex-start;\n                padding: 12px 16px;\n                min-height: auto;\n            }\n            \n            .product-label, .product-value {\n                width: 100%;\n                padding: 6px 0;\n            }\n            \n            .product-label {\n                background-color: transparent;\n                font-weight: 700;\n                padding-top: 0;\n            }\n            \n            .product-value {\n                padding-bottom: 8px;\n                color: #5a6c7d;\n            }\n        }\n        \n        \/* Dark mode *\/\n        @media (prefers-color-scheme: dark) {\n            body {\n                background-color: #1a202c;\n                color: #e2e8f0;\n            }\n            \n            .product-container {\n                background-color: #2d3748;\n                box-shadow: 0 2px 12px rgba(0,0,0,0.3);\n            }\n            \n            .product-row {\n                border-bottom-color: #4a5568;\n            }\n            \n            .product-label {\n                color: #cbd5e0;\n                background-color: #343f52;\n            }\n            \n            .product-value {\n                color: #a0aec0;\n            }\n        }\n    <\/style>\n<\/head>\n<body>\n    <div class=\"product-container\">\n        <div class=\"product-table\">\n            <div class=\"product-row\">\n                <div class=\"product-label\">Detalles del producto<\/div>\n                <div class=\"product-value\"><\/div>\n            <\/div>\n            <div class=\"product-row\">\n                <div class=\"product-label\">Dimensiones del paquete<\/div>\n                <div class=\"product-value\">1 x 1 x 1 pulgadas; 2 onzas<\/div>\n            <\/div>\n            <div class=\"product-row\">\n                <div class=\"product-label\">Sabor<\/div>\n                <div class=\"product-value\">Ar\u00e1ndano<\/div>\n            <\/div>\n            <div class=\"product-row\">\n                <div class=\"product-label\">Cantidad de unidades<\/div>\n                <div class=\"product-value\">60 unidades<\/div>\n            <\/div>\n            <div class=\"product-row\">\n                <div class=\"product-label\">Forma del art\u00edculo<\/div>\n                <div class=\"product-value\">C\u00e1psula<\/div>\n            <\/div>\n            <div class=\"product-row\">\n                <div class=\"product-label\">Peso del art\u00edculo<\/div>\n                <div class=\"product-value\">2 onzas<\/div>\n            <\/div>\n            <div class=\"product-row\">\n                <div class=\"product-label\">Beneficios del producto<\/div>\n                <div class=\"product-value\">Salud digestiva, salud intestinal, salud vaginal<\/div>\n            <\/div>\n            <div class=\"product-row\">\n                <div class=\"product-label\">N\u00famero de art\u00edculos<\/div>\n                <div class=\"product-value\">1<\/div>\n            <\/div>\n            <div class=\"product-row\">\n                <div class=\"product-label\">Farve<\/div>\n                <div class=\"product-value\">Paquete de 3<\/div>\n            <\/div>\n            <div class=\"product-row\">\n                <div class=\"product-label\">Fabricante<\/div>\n                <div class=\"product-value\">VivoNu<\/div>\n            <\/div>\n        <\/div>\n    <\/div>\n<\/body>\n<\/html>\t\t\t\t\t\t\t\t<\/div>\n\t\t\t\t<\/div>\n\t\t\t\t<\/div>\n\t\t\t\t\t<\/div>\n\t\t\t\t<\/div>\n\t\t<div class=\"elementor-element elementor-element-2daf2705 e-flex e-con-boxed e-con e-parent\" data-id=\"2daf2705\" data-element_type=\"container\" data-settings=\"{&quot;ekit_has_onepagescroll_dot&quot;:&quot;yes&quot;}\">\n\t\t\t\t\t<div class=\"e-con-inner\">\n\t\t\t\t<div class=\"elementor-element elementor-element-78e5ac41 elementor-widget elementor-widget-image\" data-id=\"78e5ac41\" data-element_type=\"widget\" data-settings=\"{&quot;ekit_we_effect_on&quot;:&quot;none&quot;}\" data-widget_type=\"image.default\">\n\t\t\t\t<div class=\"elementor-widget-container\">\n\t\t\t\t\t\t\t\t\t\t\t\t\t\t\t<img loading=\"lazy\" decoding=\"async\" width=\"1464\" height=\"600\" src=\"https:\/\/shoptoyourneeds.shop\/wp-content\/uploads\/2026\/03\/02240132-95c8-4fcf-99ab-5d7a457b85bf.__CR001464600_PT0_SX1464_V1___.jpg\" class=\"attachment-full size-full wp-image-13482 wvs-archive-product-image\" alt=\"\" srcset=\"https:\/\/shoptoyourneeds.shop\/wp-content\/uploads\/2026\/03\/02240132-95c8-4fcf-99ab-5d7a457b85bf.__CR001464600_PT0_SX1464_V1___.jpg 1464w, https:\/\/shoptoyourneeds.shop\/wp-content\/uploads\/2026\/03\/02240132-95c8-4fcf-99ab-5d7a457b85bf.__CR001464600_PT0_SX1464_V1___-300x123.jpg 300w, https:\/\/shoptoyourneeds.shop\/wp-content\/uploads\/2026\/03\/02240132-95c8-4fcf-99ab-5d7a457b85bf.__CR001464600_PT0_SX1464_V1___-1024x420.jpg 1024w, https:\/\/shoptoyourneeds.shop\/wp-content\/uploads\/2026\/03\/02240132-95c8-4fcf-99ab-5d7a457b85bf.__CR001464600_PT0_SX1464_V1___-768x315.jpg 768w, https:\/\/shoptoyourneeds.shop\/wp-content\/uploads\/2026\/03\/02240132-95c8-4fcf-99ab-5d7a457b85bf.__CR001464600_PT0_SX1464_V1___-18x7.jpg 18w, https:\/\/shoptoyourneeds.shop\/wp-content\/uploads\/2026\/03\/02240132-95c8-4fcf-99ab-5d7a457b85bf.__CR001464600_PT0_SX1464_V1___-600x246.jpg 600w, https:\/\/shoptoyourneeds.shop\/wp-content\/uploads\/2026\/03\/02240132-95c8-4fcf-99ab-5d7a457b85bf.__CR001464600_PT0_SX1464_V1___-1x1.jpg 1w, https:\/\/shoptoyourneeds.shop\/wp-content\/uploads\/2026\/03\/02240132-95c8-4fcf-99ab-5d7a457b85bf.__CR001464600_PT0_SX1464_V1___-10x4.jpg 10w\" sizes=\"auto, (max-width: 1464px) 100vw, 1464px\" \/>\t\t\t\t\t\t\t\t\t\t\t\t\t\t\t<\/div>\n\t\t\t\t<\/div>\n\t\t\t\t<div class=\"elementor-element elementor-element-1e3cb006 elementor-widget elementor-widget-image\" data-id=\"1e3cb006\" data-element_type=\"widget\" data-settings=\"{&quot;ekit_we_effect_on&quot;:&quot;none&quot;}\" data-widget_type=\"image.default\">\n\t\t\t\t<div class=\"elementor-widget-container\">\n\t\t\t\t\t\t\t\t\t\t\t\t\t\t\t<img loading=\"lazy\" decoding=\"async\" width=\"1464\" height=\"600\" src=\"https:\/\/shoptoyourneeds.shop\/wp-content\/uploads\/2026\/03\/dca81019-aefd-4f39-9702-de5fa277f7a0.__CR001464600_PT0_SX1464_V1___.jpg\" class=\"attachment-full size-full wp-image-13483 wvs-archive-product-image\" alt=\"\" srcset=\"https:\/\/shoptoyourneeds.shop\/wp-content\/uploads\/2026\/03\/dca81019-aefd-4f39-9702-de5fa277f7a0.__CR001464600_PT0_SX1464_V1___.jpg 1464w, https:\/\/shoptoyourneeds.shop\/wp-content\/uploads\/2026\/03\/dca81019-aefd-4f39-9702-de5fa277f7a0.__CR001464600_PT0_SX1464_V1___-300x123.jpg 300w, https:\/\/shoptoyourneeds.shop\/wp-content\/uploads\/2026\/03\/dca81019-aefd-4f39-9702-de5fa277f7a0.__CR001464600_PT0_SX1464_V1___-1024x420.jpg 1024w, https:\/\/shoptoyourneeds.shop\/wp-content\/uploads\/2026\/03\/dca81019-aefd-4f39-9702-de5fa277f7a0.__CR001464600_PT0_SX1464_V1___-768x315.jpg 768w, https:\/\/shoptoyourneeds.shop\/wp-content\/uploads\/2026\/03\/dca81019-aefd-4f39-9702-de5fa277f7a0.__CR001464600_PT0_SX1464_V1___-18x7.jpg 18w, https:\/\/shoptoyourneeds.shop\/wp-content\/uploads\/2026\/03\/dca81019-aefd-4f39-9702-de5fa277f7a0.__CR001464600_PT0_SX1464_V1___-600x246.jpg 600w, https:\/\/shoptoyourneeds.shop\/wp-content\/uploads\/2026\/03\/dca81019-aefd-4f39-9702-de5fa277f7a0.__CR001464600_PT0_SX1464_V1___-1x1.jpg 1w, https:\/\/shoptoyourneeds.shop\/wp-content\/uploads\/2026\/03\/dca81019-aefd-4f39-9702-de5fa277f7a0.__CR001464600_PT0_SX1464_V1___-10x4.jpg 10w\" sizes=\"auto, (max-width: 1464px) 100vw, 1464px\" \/>\t\t\t\t\t\t\t\t\t\t\t\t\t\t\t<\/div>\n\t\t\t\t<\/div>\n\t\t\t\t<div class=\"elementor-element elementor-element-42bd295d elementor-widget elementor-widget-image\" data-id=\"42bd295d\" data-element_type=\"widget\" data-settings=\"{&quot;ekit_we_effect_on&quot;:&quot;none&quot;}\" data-widget_type=\"image.default\">\n\t\t\t\t<div class=\"elementor-widget-container\">\n\t\t\t\t\t\t\t\t\t\t\t\t\t\t\t<img loading=\"lazy\" decoding=\"async\" width=\"1464\" height=\"600\" src=\"https:\/\/shoptoyourneeds.shop\/wp-content\/uploads\/2026\/03\/a76483be-37d1-496d-9360-62f8b931d88d.__CR001464600_PT0_SX1464_V1___.jpg\" class=\"attachment-full size-full wp-image-13484 wvs-archive-product-image\" alt=\"\" srcset=\"https:\/\/shoptoyourneeds.shop\/wp-content\/uploads\/2026\/03\/a76483be-37d1-496d-9360-62f8b931d88d.__CR001464600_PT0_SX1464_V1___.jpg 1464w, https:\/\/shoptoyourneeds.shop\/wp-content\/uploads\/2026\/03\/a76483be-37d1-496d-9360-62f8b931d88d.__CR001464600_PT0_SX1464_V1___-300x123.jpg 300w, https:\/\/shoptoyourneeds.shop\/wp-content\/uploads\/2026\/03\/a76483be-37d1-496d-9360-62f8b931d88d.__CR001464600_PT0_SX1464_V1___-1024x420.jpg 1024w, https:\/\/shoptoyourneeds.shop\/wp-content\/uploads\/2026\/03\/a76483be-37d1-496d-9360-62f8b931d88d.__CR001464600_PT0_SX1464_V1___-768x315.jpg 768w, https:\/\/shoptoyourneeds.shop\/wp-content\/uploads\/2026\/03\/a76483be-37d1-496d-9360-62f8b931d88d.__CR001464600_PT0_SX1464_V1___-18x7.jpg 18w, https:\/\/shoptoyourneeds.shop\/wp-content\/uploads\/2026\/03\/a76483be-37d1-496d-9360-62f8b931d88d.__CR001464600_PT0_SX1464_V1___-600x246.jpg 600w, https:\/\/shoptoyourneeds.shop\/wp-content\/uploads\/2026\/03\/a76483be-37d1-496d-9360-62f8b931d88d.__CR001464600_PT0_SX1464_V1___-1x1.jpg 1w, https:\/\/shoptoyourneeds.shop\/wp-content\/uploads\/2026\/03\/a76483be-37d1-496d-9360-62f8b931d88d.__CR001464600_PT0_SX1464_V1___-10x4.jpg 10w\" sizes=\"auto, (max-width: 1464px) 100vw, 1464px\" \/>\t\t\t\t\t\t\t\t\t\t\t\t\t\t\t<\/div>\n\t\t\t\t<\/div>\n\t\t\t\t<div class=\"elementor-element elementor-element-3f9d3a7a elementor-widget elementor-widget-image\" data-id=\"3f9d3a7a\" data-element_type=\"widget\" data-settings=\"{&quot;ekit_we_effect_on&quot;:&quot;none&quot;}\" data-widget_type=\"image.default\">\n\t\t\t\t<div class=\"elementor-widget-container\">\n\t\t\t\t\t\t\t\t\t\t\t\t\t\t\t<img loading=\"lazy\" decoding=\"async\" width=\"1464\" height=\"600\" src=\"https:\/\/shoptoyourneeds.shop\/wp-content\/uploads\/2026\/03\/f8173826-4a22-44fa-8a02-dd1ad0d84a03.__CR001464600_PT0_SX1464_V1___.jpg\" class=\"attachment-full size-full wp-image-13485 wvs-archive-product-image\" alt=\"\" srcset=\"https:\/\/shoptoyourneeds.shop\/wp-content\/uploads\/2026\/03\/f8173826-4a22-44fa-8a02-dd1ad0d84a03.__CR001464600_PT0_SX1464_V1___.jpg 1464w, https:\/\/shoptoyourneeds.shop\/wp-content\/uploads\/2026\/03\/f8173826-4a22-44fa-8a02-dd1ad0d84a03.__CR001464600_PT0_SX1464_V1___-300x123.jpg 300w, https:\/\/shoptoyourneeds.shop\/wp-content\/uploads\/2026\/03\/f8173826-4a22-44fa-8a02-dd1ad0d84a03.__CR001464600_PT0_SX1464_V1___-1024x420.jpg 1024w, https:\/\/shoptoyourneeds.shop\/wp-content\/uploads\/2026\/03\/f8173826-4a22-44fa-8a02-dd1ad0d84a03.__CR001464600_PT0_SX1464_V1___-768x315.jpg 768w, https:\/\/shoptoyourneeds.shop\/wp-content\/uploads\/2026\/03\/f8173826-4a22-44fa-8a02-dd1ad0d84a03.__CR001464600_PT0_SX1464_V1___-18x7.jpg 18w, https:\/\/shoptoyourneeds.shop\/wp-content\/uploads\/2026\/03\/f8173826-4a22-44fa-8a02-dd1ad0d84a03.__CR001464600_PT0_SX1464_V1___-600x246.jpg 600w, https:\/\/shoptoyourneeds.shop\/wp-content\/uploads\/2026\/03\/f8173826-4a22-44fa-8a02-dd1ad0d84a03.__CR001464600_PT0_SX1464_V1___-1x1.jpg 1w, https:\/\/shoptoyourneeds.shop\/wp-content\/uploads\/2026\/03\/f8173826-4a22-44fa-8a02-dd1ad0d84a03.__CR001464600_PT0_SX1464_V1___-10x4.jpg 10w\" sizes=\"auto, (max-width: 1464px) 100vw, 1464px\" \/>\t\t\t\t\t\t\t\t\t\t\t\t\t\t\t<\/div>\n\t\t\t\t<\/div>\n\t\t\t\t<div class=\"elementor-element elementor-element-3c4fcf47 elementor-widget elementor-widget-image\" data-id=\"3c4fcf47\" data-element_type=\"widget\" data-settings=\"{&quot;ekit_we_effect_on&quot;:&quot;none&quot;}\" data-widget_type=\"image.default\">\n\t\t\t\t<div class=\"elementor-widget-container\">\n\t\t\t\t\t\t\t\t\t\t\t\t\t\t\t<img loading=\"lazy\" decoding=\"async\" width=\"1464\" height=\"600\" src=\"https:\/\/shoptoyourneeds.shop\/wp-content\/uploads\/2026\/03\/c218dfbb-2b5e-4077-a0e3-fc8895356098.__CR001464600_PT0_SX1464_V1___.jpg\" class=\"attachment-full size-full wp-image-13486 wvs-archive-product-image\" alt=\"\" srcset=\"https:\/\/shoptoyourneeds.shop\/wp-content\/uploads\/2026\/03\/c218dfbb-2b5e-4077-a0e3-fc8895356098.__CR001464600_PT0_SX1464_V1___.jpg 1464w, https:\/\/shoptoyourneeds.shop\/wp-content\/uploads\/2026\/03\/c218dfbb-2b5e-4077-a0e3-fc8895356098.__CR001464600_PT0_SX1464_V1___-300x123.jpg 300w, https:\/\/shoptoyourneeds.shop\/wp-content\/uploads\/2026\/03\/c218dfbb-2b5e-4077-a0e3-fc8895356098.__CR001464600_PT0_SX1464_V1___-1024x420.jpg 1024w, https:\/\/shoptoyourneeds.shop\/wp-content\/uploads\/2026\/03\/c218dfbb-2b5e-4077-a0e3-fc8895356098.__CR001464600_PT0_SX1464_V1___-768x315.jpg 768w, https:\/\/shoptoyourneeds.shop\/wp-content\/uploads\/2026\/03\/c218dfbb-2b5e-4077-a0e3-fc8895356098.__CR001464600_PT0_SX1464_V1___-18x7.jpg 18w, https:\/\/shoptoyourneeds.shop\/wp-content\/uploads\/2026\/03\/c218dfbb-2b5e-4077-a0e3-fc8895356098.__CR001464600_PT0_SX1464_V1___-600x246.jpg 600w, https:\/\/shoptoyourneeds.shop\/wp-content\/uploads\/2026\/03\/c218dfbb-2b5e-4077-a0e3-fc8895356098.__CR001464600_PT0_SX1464_V1___-1x1.jpg 1w, https:\/\/shoptoyourneeds.shop\/wp-content\/uploads\/2026\/03\/c218dfbb-2b5e-4077-a0e3-fc8895356098.__CR001464600_PT0_SX1464_V1___-10x4.jpg 10w\" sizes=\"auto, (max-width: 1464px) 100vw, 1464px\" \/>\t\t\t\t\t\t\t\t\t\t\t\t\t\t\t<\/div>\n\t\t\t\t<\/div>\n\t\t\t\t<div class=\"elementor-element elementor-element-2382da37 elementor-pagination-position-inside elementor-arrows-position-inside elementor-widget elementor-widget-image-carousel\" data-id=\"2382da37\" data-element_type=\"widget\" data-settings=\"{&quot;slides_to_show&quot;:&quot;1&quot;,&quot;navigation&quot;:&quot;both&quot;,&quot;autoplay&quot;:&quot;yes&quot;,&quot;pause_on_hover&quot;:&quot;yes&quot;,&quot;pause_on_interaction&quot;:&quot;yes&quot;,&quot;autoplay_speed&quot;:5000,&quot;infinite&quot;:&quot;yes&quot;,&quot;effect&quot;:&quot;slide&quot;,&quot;speed&quot;:500,&quot;ekit_we_effect_on&quot;:&quot;none&quot;}\" data-widget_type=\"image-carousel.default\">\n\t\t\t\t<div class=\"elementor-widget-container\">\n\t\t\t\t\t\t\t<div class=\"elementor-image-carousel-wrapper swiper\" role=\"region\" aria-roledescription=\"carousel\" aria-label=\"Image Carousel\" dir=\"ltr\">\n\t\t\t<div class=\"elementor-image-carousel swiper-wrapper\" aria-live=\"off\">\n\t\t\t\t\t\t\t\t<div class=\"swiper-slide\" role=\"group\" aria-roledescription=\"slide\" aria-label=\"1 of 2\"><figure class=\"swiper-slide-inner\"><img decoding=\"async\" class=\"swiper-slide-image\" src=\"https:\/\/shoptoyourneeds.shop\/wp-content\/uploads\/2026\/03\/9efcfad6-1323-4e62-a1f0-9a8719e395e7.__CR001464600_PT0_SX1464_V1___.jpg\" alt=\"9efcfad6-1323-4e62-a1f0-9a8719e395e7.__CR001464600_PT0_SX1464_V1___.jpg\" \/><\/figure><\/div><div class=\"swiper-slide\" role=\"group\" aria-roledescription=\"slide\" aria-label=\"2 of 2\"><figure class=\"swiper-slide-inner\"><img decoding=\"async\" class=\"swiper-slide-image\" src=\"https:\/\/shoptoyourneeds.shop\/wp-content\/uploads\/2026\/03\/9efcfad6-1323-4e62-a1f0-9a8719e395e7.__CR001464600_PT0_SX1464_V1___-1.jpg\" alt=\"9efcfad6-1323-4e62-a1f0-9a8719e395e7.__CR001464600_PT0_SX1464_V1___-1.jpg\" \/><\/figure><\/div>\t\t\t<\/div>\n\t\t\t\t\t\t\t\t\t\t\t\t<div class=\"elementor-swiper-button elementor-swiper-button-prev\" role=\"button\" tabindex=\"0\">\n\t\t\t\t\t\t<svg aria-hidden=\"true\" class=\"e-font-icon-svg e-eicon-chevron-left\" viewbox=\"0 0 1000 1000\" xmlns=\"http:\/\/www.w3.org\/2000\/svg\"><path d=\"M646 125C629 125 613 133 604 142L308 442C296 454 292 471 292 487 292 504 296 521 308 533L604 854C617 867 629 875 646 875 663 875 679 871 692 858 704 846 713 829 713 812 713 796 708 779 692 767L438 487 692 225C700 217 708 204 708 187 708 171 704 154 692 142 675 129 663 125 646 125Z\"><\/path><\/svg>\t\t\t\t\t<\/div>\n\t\t\t\t\t<div class=\"elementor-swiper-button elementor-swiper-button-next\" role=\"button\" tabindex=\"0\">\n\t\t\t\t\t\t<svg aria-hidden=\"true\" class=\"e-font-icon-svg e-eicon-chevron-right\" viewbox=\"0 0 1000 1000\" xmlns=\"http:\/\/www.w3.org\/2000\/svg\"><path d=\"M696 533C708 521 713 504 713 487 713 471 708 454 696 446L400 146C388 133 375 125 354 125 338 125 325 129 313 142 300 154 292 171 292 187 292 204 296 221 308 233L563 492 304 771C292 783 288 800 288 817 288 833 296 850 308 863 321 871 338 875 354 875 371 875 388 867 400 854L696 533Z\"><\/path><\/svg>\t\t\t\t\t<\/div>\n\t\t\t\t\n\t\t\t\t\t\t\t\t\t<div class=\"swiper-pagination\"><\/div>\n\t\t\t\t\t\t\t\t\t<\/div>\n\t\t\t\t\t\t<\/div>\n\t\t\t\t<\/div>\n\t\t\t\t\t<\/div>\n\t\t\t\t<\/div>\n\t\t\t\t<\/div>","protected":false},"excerpt":{"rendered":"<h1 class=\"a-size-base-plus a-text-bold\">About this item<\/h1>\n<div class=\"mt-4\" data-v-1233f838=\"\">\n<p class=\"ds-markdown-paragraph\"><strong>60 mil millones UFC:<\/strong>\u00a090 mil millones UFC y 18 cepas para salud digestiva e inmunidad.<\/p>\n<p class=\"ds-markdown-paragraph\"><strong>Protecci\u00f3n femenina:<\/strong>\u00a0Ar\u00e1ndano para v\u00edas urinarias y Lactobacillus reuteri para salud vaginal.<\/p>\n<p class=\"ds-markdown-paragraph\"><strong>Digesti\u00f3n:<\/strong>\u00a018 cepas resisten \u00e1cido estomacal, alivian hinchaz\u00f3n y estre\u00f1imiento.<\/p>\n<p class=\"ds-markdown-paragraph\"><strong>Inmunidad:<\/strong>\u00a060 tabletas (2\/d\u00eda, 30 d\u00edas), prebi\u00f3ticos y probi\u00f3ticos veganos.<\/p>\n<p class=\"ds-markdown-paragraph\"><strong>Calidad:<\/strong>\u00a0Certificado GMP, sin gluten, l\u00e1cteos, soja o colorantes.<\/p>\n<\/div>","protected":false},"featured_media":13470,"comment_status":"open","ping_status":"closed","template":"","meta":{"_acf_changed":false},"etheme_brands":[],"product_brand":[],"product_cat":[118],"product_tag":[],"class_list":{"0":"post-13469","1":"product","2":"type-product","3":"status-publish","4":"has-post-thumbnail","6":"product_cat-sale-shop","8":"first","9":"instock","10":"sale","11":"shipping-taxable","12":"purchasable","13":"product-type-simple"},"acf":[],"_links":{"self":[{"href":"https:\/\/shoptoyourneeds.shop\/da\/wp-json\/wp\/v2\/product\/13469","targetHints":{"allow":["GET"]}}],"collection":[{"href":"https:\/\/shoptoyourneeds.shop\/da\/wp-json\/wp\/v2\/product"}],"about":[{"href":"https:\/\/shoptoyourneeds.shop\/da\/wp-json\/wp\/v2\/types\/product"}],"replies":[{"embeddable":true,"href":"https:\/\/shoptoyourneeds.shop\/da\/wp-json\/wp\/v2\/comments?post=13469"}],"version-history":[{"count":4,"href":"https:\/\/shoptoyourneeds.shop\/da\/wp-json\/wp\/v2\/product\/13469\/revisions"}],"predecessor-version":[{"id":13496,"href":"https:\/\/shoptoyourneeds.shop\/da\/wp-json\/wp\/v2\/product\/13469\/revisions\/13496"}],"wp:featuredmedia":[{"embeddable":true,"href":"https:\/\/shoptoyourneeds.shop\/da\/wp-json\/wp\/v2\/media\/13470"}],"wp:attachment":[{"href":"https:\/\/shoptoyourneeds.shop\/da\/wp-json\/wp\/v2\/media?parent=13469"}],"wp:term":[{"taxonomy":"brand","embeddable":true,"href":"https:\/\/shoptoyourneeds.shop\/da\/wp-json\/wp\/v2\/etheme_brands?post=13469"},{"taxonomy":"product_brand","embeddable":true,"href":"https:\/\/shoptoyourneeds.shop\/da\/wp-json\/wp\/v2\/product_brand?post=13469"},{"taxonomy":"product_cat","embeddable":true,"href":"https:\/\/shoptoyourneeds.shop\/da\/wp-json\/wp\/v2\/product_cat?post=13469"},{"taxonomy":"product_tag","embeddable":true,"href":"https:\/\/shoptoyourneeds.shop\/da\/wp-json\/wp\/v2\/product_tag?post=13469"}],"curies":[{"name":"wp","href":"https:\/\/api.w.org\/{rel}","templated":true}]}}