{"id":13498,"date":"2026-04-03T01:46:31","date_gmt":"2026-04-03T01:46:31","guid":{"rendered":"https:\/\/shoptoyourneeds.shop\/?post_type=product&#038;p=13498"},"modified":"2026-04-03T01:51:22","modified_gmt":"2026-04-03T01:51:22","slug":"phototag-rastreador-y-tinta-personalizables-para-llaves-carteras-y-equipaje-compatible-con-apple-find-my-muestra-foto-y-emoji-hasta-10-meses-de-autonomia-e-impermeable-ip65-bateria-reemplazable","status":"publish","type":"product","link":"https:\/\/shoptoyourneeds.shop\/da\/vare\/phototag-rastreador-y-tinta-personalizables-para-llaves-carteras-y-equipaje-compatible-con-apple-find-my-muestra-foto-y-emoji-hasta-10-meses-de-autonomia-e-impermeable-ip65-bateria-reemplazable\/","title":{"rendered":"PhotoTag: rastreador y tinta personalizables para llaves, carteras y equipaje. Compatible con Apple Find My.Muestra foto y emoji. Hasta 10 meses de autonom\u00eda e impermeable IP65.Bater\u00eda reemplazable."},"content":{"rendered":"<div data-elementor-type=\"product-post\" data-elementor-id=\"13498\" class=\"elementor elementor-13498\" data-elementor-post-type=\"product\">\n\t\t\t\t<div class=\"elementor-element elementor-element-5f43c4e1 e-flex e-con-boxed e-con e-parent\" data-id=\"5f43c4e1\" data-element_type=\"container\" data-settings=\"{&quot;ekit_has_onepagescroll_dot&quot;:&quot;yes&quot;}\">\n\t\t\t\t\t<div class=\"e-con-inner\">\n\t\t<div class=\"elementor-element elementor-element-d0e060d e-grid e-con-full e-con e-child\" data-id=\"d0e060d\" data-element_type=\"container\" data-settings=\"{&quot;ekit_has_onepagescroll_dot&quot;:&quot;yes&quot;}\">\n\t\t\t\t<div class=\"elementor-element elementor-element-183fde23 elementor-widget elementor-widget-video\" data-id=\"183fde23\" data-element_type=\"widget\" data-settings=\"{&quot;video_type&quot;:&quot;hosted&quot;,&quot;controls&quot;:&quot;yes&quot;,&quot;ekit_we_effect_on&quot;:&quot;none&quot;}\" data-widget_type=\"video.default\">\n\t\t\t\t<div class=\"elementor-widget-container\">\n\t\t\t\t\t\t\t<div class=\"e-hosted-video elementor-wrapper elementor-open-inline\">\n\t\t\t\t\t<video class=\"elementor-video\" src=\"https:\/\/shoptoyourneeds.shop\/wp-content\/uploads\/2026\/04\/video_2026-03-27_12-06-47.mp4\" controls=\"\" preload=\"metadata\" controlslist=\"nodownload\"><\/video>\n\t\t\t\t<\/div>\n\t\t\t\t\t\t<\/div>\n\t\t\t\t<\/div>\n\t\t\t\t<div class=\"elementor-element elementor-element-6214a12c elementor-widget elementor-widget-text-editor\" data-id=\"6214a12c\" data-element_type=\"widget\" data-settings=\"{&quot;ekit_we_effect_on&quot;:&quot;none&quot;}\" data-widget_type=\"text-editor.default\">\n\t\t\t\t<div class=\"elementor-widget-container\">\n\t\t\t\t\t\t\t\t\t<div class=\"elementor-widget-container\">\n    # Features &#038; Specs\n\n<div class=\"product-table\">\n  <div class=\"product-row\">\n    <div class=\"product-label\">Compatible Devices<\/div>\n    <div class=\"product-value\">iPhone, iPad<\/div>\n  <\/div>\n  <div class=\"product-row\">\n    <div class=\"product-label\">Battery Average Life<\/div>\n    <div class=\"product-value\">10 months<\/div>\n  <\/div>\n  <div class=\"product-row\">\n    <div class=\"product-label\">Connectivity Technology<\/div>\n    <div class=\"product-value\">Bluetooth<\/div>\n  <\/div>\n  <div class=\"product-row\">\n    <div class=\"product-label\">Control Method<\/div>\n    <div class=\"product-value\">App<\/div>\n  <\/div>\n  <div class=\"product-row\">\n    <div class=\"product-label\">Range<\/div>\n    <div class=\"product-value\">100 feet<\/div>\n  <\/div>\n<\/div>\n\n<style>\n.product-table {\n  width: 100%;\n  border-top: 1px solid #000;\n  font-family: Arial, sans-serif;\n}\n\n.product-row {\n  display: flex;\n  border-bottom: 1px solid #000;\n  padding: 12px 0;\n}\n\n.product-label {\n  flex: 1;\n  font-weight: bold;\n  min-width: 200px;\n  padding-right: 20px;\n}\n\n.product-value {\n  flex: 1;\n  min-width: 200px;\n}\n<\/style>\t\t\t\t\t\t\t\t<\/div>\n\t\t\t\t<\/div>\n\t\t\t\t<\/div>\n\t\t\t\t\t<\/div>\n\t\t\t\t<\/div>\n\t\t<div class=\"elementor-element elementor-element-d13f8 e-flex e-con-boxed e-con e-parent\" data-id=\"d13f8\" data-element_type=\"container\" data-settings=\"{&quot;ekit_has_onepagescroll_dot&quot;:&quot;yes&quot;}\">\n\t\t\t\t\t<div class=\"e-con-inner\">\n\t\t<div class=\"elementor-element elementor-element-fe75ef0 e-con-full e-flex e-con e-child\" data-id=\"fe75ef0\" data-element_type=\"container\" data-settings=\"{&quot;ekit_has_onepagescroll_dot&quot;:&quot;yes&quot;}\">\n\t\t<div class=\"elementor-element elementor-element-6fb64a27 e-grid e-con-full e-con e-child\" data-id=\"6fb64a27\" data-element_type=\"container\" data-settings=\"{&quot;ekit_has_onepagescroll_dot&quot;:&quot;yes&quot;}\">\n\t\t\t\t<div class=\"elementor-element elementor-element-78e7fe8c elementor-position-top elementor-widget elementor-widget-image-box\" data-id=\"78e7fe8c\" data-element_type=\"widget\" data-settings=\"{&quot;ekit_we_effect_on&quot;:&quot;none&quot;}\" data-widget_type=\"image-box.default\">\n\t\t\t\t<div class=\"elementor-widget-container\">\n\t\t\t\t\t<div class=\"elementor-image-box-wrapper\"><figure class=\"elementor-image-box-img\"><img loading=\"lazy\" decoding=\"async\" width=\"300\" height=\"300\" src=\"https:\/\/shoptoyourneeds.shop\/wp-content\/uploads\/2026\/04\/6e59d973-5ae7-49a0-a3f9-836ef041757e.__CR00300300_PT0_SX300_V1___.jpg\" class=\"attachment-full size-full wp-image-13515 wvs-archive-product-image\" alt=\"\" srcset=\"https:\/\/shoptoyourneeds.shop\/wp-content\/uploads\/2026\/04\/6e59d973-5ae7-49a0-a3f9-836ef041757e.__CR00300300_PT0_SX300_V1___.jpg 300w, https:\/\/shoptoyourneeds.shop\/wp-content\/uploads\/2026\/04\/6e59d973-5ae7-49a0-a3f9-836ef041757e.__CR00300300_PT0_SX300_V1___-150x150.jpg 150w, https:\/\/shoptoyourneeds.shop\/wp-content\/uploads\/2026\/04\/6e59d973-5ae7-49a0-a3f9-836ef041757e.__CR00300300_PT0_SX300_V1___-12x12.jpg 12w, https:\/\/shoptoyourneeds.shop\/wp-content\/uploads\/2026\/04\/6e59d973-5ae7-49a0-a3f9-836ef041757e.__CR00300300_PT0_SX300_V1___-100x100.jpg 100w, https:\/\/shoptoyourneeds.shop\/wp-content\/uploads\/2026\/04\/6e59d973-5ae7-49a0-a3f9-836ef041757e.__CR00300300_PT0_SX300_V1___-50x50.jpg 50w, https:\/\/shoptoyourneeds.shop\/wp-content\/uploads\/2026\/04\/6e59d973-5ae7-49a0-a3f9-836ef041757e.__CR00300300_PT0_SX300_V1___-1x1.jpg 1w, https:\/\/shoptoyourneeds.shop\/wp-content\/uploads\/2026\/04\/6e59d973-5ae7-49a0-a3f9-836ef041757e.__CR00300300_PT0_SX300_V1___-10x10.jpg 10w\" sizes=\"auto, (max-width: 300px) 100vw, 300px\" \/><\/figure><div class=\"elementor-image-box-content\"><h3 class=\"elementor-image-box-title\">Track bags<\/h3><p class=\"elementor-image-box-description\">Gracias a la tecnolog\u00eda de localizaci\u00f3n avanzada, estas etiquetas inteligentes te permiten saber exactamente d\u00f3nde est\u00e1n tus llaves en todo momento. <\/p><\/div><\/div>\t\t\t\t<\/div>\n\t\t\t\t<\/div>\n\t\t\t\t<div class=\"elementor-element elementor-element-cc9c29e elementor-position-top elementor-widget elementor-widget-image-box\" data-id=\"cc9c29e\" data-element_type=\"widget\" data-settings=\"{&quot;ekit_we_effect_on&quot;:&quot;none&quot;}\" data-widget_type=\"image-box.default\">\n\t\t\t\t<div class=\"elementor-widget-container\">\n\t\t\t\t\t<div class=\"elementor-image-box-wrapper\"><figure class=\"elementor-image-box-img\"><img loading=\"lazy\" decoding=\"async\" width=\"300\" height=\"300\" src=\"https:\/\/shoptoyourneeds.shop\/wp-content\/uploads\/2026\/04\/53cec9f2-d7ba-447e-a0cf-38b43cbbf7f4.__CR00300300_PT0_SX300_V1___.jpg\" class=\"attachment-full size-full wp-image-13516 wvs-archive-product-image\" alt=\"\" srcset=\"https:\/\/shoptoyourneeds.shop\/wp-content\/uploads\/2026\/04\/53cec9f2-d7ba-447e-a0cf-38b43cbbf7f4.__CR00300300_PT0_SX300_V1___.jpg 300w, https:\/\/shoptoyourneeds.shop\/wp-content\/uploads\/2026\/04\/53cec9f2-d7ba-447e-a0cf-38b43cbbf7f4.__CR00300300_PT0_SX300_V1___-150x150.jpg 150w, https:\/\/shoptoyourneeds.shop\/wp-content\/uploads\/2026\/04\/53cec9f2-d7ba-447e-a0cf-38b43cbbf7f4.__CR00300300_PT0_SX300_V1___-12x12.jpg 12w, https:\/\/shoptoyourneeds.shop\/wp-content\/uploads\/2026\/04\/53cec9f2-d7ba-447e-a0cf-38b43cbbf7f4.__CR00300300_PT0_SX300_V1___-100x100.jpg 100w, https:\/\/shoptoyourneeds.shop\/wp-content\/uploads\/2026\/04\/53cec9f2-d7ba-447e-a0cf-38b43cbbf7f4.__CR00300300_PT0_SX300_V1___-50x50.jpg 50w, https:\/\/shoptoyourneeds.shop\/wp-content\/uploads\/2026\/04\/53cec9f2-d7ba-447e-a0cf-38b43cbbf7f4.__CR00300300_PT0_SX300_V1___-1x1.jpg 1w, https:\/\/shoptoyourneeds.shop\/wp-content\/uploads\/2026\/04\/53cec9f2-d7ba-447e-a0cf-38b43cbbf7f4.__CR00300300_PT0_SX300_V1___-10x10.jpg 10w\" sizes=\"auto, (max-width: 300px) 100vw, 300px\" \/><\/figure><div class=\"elementor-image-box-content\"><h3 class=\"elementor-image-box-title\">Track luggage<\/h3><p class=\"elementor-image-box-description\">Olv\u00eddate de las aburridas etiquetas gen\u00e9ricas. Con nuestras etiquetas fotogr\u00e1ficas, puedes subir tu propia foto, imagen o dise\u00f1o favorito para crear un accesorio que realmente te represente. <\/p><\/div><\/div>\t\t\t\t<\/div>\n\t\t\t\t<\/div>\n\t\t\t\t<div class=\"elementor-element elementor-element-4592b4c0 elementor-position-top elementor-widget elementor-widget-image-box\" data-id=\"4592b4c0\" data-element_type=\"widget\" data-settings=\"{&quot;ekit_we_effect_on&quot;:&quot;none&quot;}\" data-widget_type=\"image-box.default\">\n\t\t\t\t<div class=\"elementor-widget-container\">\n\t\t\t\t\t<div class=\"elementor-image-box-wrapper\"><figure class=\"elementor-image-box-img\"><img loading=\"lazy\" decoding=\"async\" width=\"300\" height=\"300\" src=\"https:\/\/shoptoyourneeds.shop\/wp-content\/uploads\/2026\/04\/505c5865-37f2-4ec0-ad30-c7383893bea3.__CR00300300_PT0_SX300_V1___-1.jpg\" class=\"attachment-full size-full wp-image-13517 wvs-archive-product-image\" alt=\"\" srcset=\"https:\/\/shoptoyourneeds.shop\/wp-content\/uploads\/2026\/04\/505c5865-37f2-4ec0-ad30-c7383893bea3.__CR00300300_PT0_SX300_V1___-1.jpg 300w, https:\/\/shoptoyourneeds.shop\/wp-content\/uploads\/2026\/04\/505c5865-37f2-4ec0-ad30-c7383893bea3.__CR00300300_PT0_SX300_V1___-1-150x150.jpg 150w, https:\/\/shoptoyourneeds.shop\/wp-content\/uploads\/2026\/04\/505c5865-37f2-4ec0-ad30-c7383893bea3.__CR00300300_PT0_SX300_V1___-1-12x12.jpg 12w, https:\/\/shoptoyourneeds.shop\/wp-content\/uploads\/2026\/04\/505c5865-37f2-4ec0-ad30-c7383893bea3.__CR00300300_PT0_SX300_V1___-1-100x100.jpg 100w, https:\/\/shoptoyourneeds.shop\/wp-content\/uploads\/2026\/04\/505c5865-37f2-4ec0-ad30-c7383893bea3.__CR00300300_PT0_SX300_V1___-1-50x50.jpg 50w, https:\/\/shoptoyourneeds.shop\/wp-content\/uploads\/2026\/04\/505c5865-37f2-4ec0-ad30-c7383893bea3.__CR00300300_PT0_SX300_V1___-1-1x1.jpg 1w, https:\/\/shoptoyourneeds.shop\/wp-content\/uploads\/2026\/04\/505c5865-37f2-4ec0-ad30-c7383893bea3.__CR00300300_PT0_SX300_V1___-1-10x10.jpg 10w\" sizes=\"auto, (max-width: 300px) 100vw, 300px\" \/><\/figure><div class=\"elementor-image-box-content\"><h3 class=\"elementor-image-box-title\">Track keys<\/h3><p class=\"elementor-image-box-description\">Adem\u00e1s de la imagen personalizada, cada etiqueta puede incluir texto grabado con tu nombre, n\u00famero de tel\u00e9fono o cualquier mensaje que desees. <\/p><\/div><\/div>\t\t\t\t<\/div>\n\t\t\t\t<\/div>\n\t\t\t\t<\/div>\n\t\t\t\t<\/div>\n\t\t\t\t<div class=\"elementor-element elementor-element-44e21a49 elementor-widget elementor-widget-image\" data-id=\"44e21a49\" data-element_type=\"widget\" data-settings=\"{&quot;ekit_we_effect_on&quot;:&quot;none&quot;}\" data-widget_type=\"image.default\">\n\t\t\t\t<div class=\"elementor-widget-container\">\n\t\t\t\t\t\t\t\t\t\t\t\t\t\t\t<img loading=\"lazy\" decoding=\"async\" width=\"970\" height=\"600\" src=\"https:\/\/shoptoyourneeds.shop\/wp-content\/uploads\/2026\/04\/77c075b1-5b61-4f55-ba10-70a07ff15312.__CR106021371322_PT0_SX970_V1___.jpg\" class=\"attachment-full size-full wp-image-13518 wvs-archive-product-image\" alt=\"\" srcset=\"https:\/\/shoptoyourneeds.shop\/wp-content\/uploads\/2026\/04\/77c075b1-5b61-4f55-ba10-70a07ff15312.__CR106021371322_PT0_SX970_V1___.jpg 970w, https:\/\/shoptoyourneeds.shop\/wp-content\/uploads\/2026\/04\/77c075b1-5b61-4f55-ba10-70a07ff15312.__CR106021371322_PT0_SX970_V1___-300x186.jpg 300w, https:\/\/shoptoyourneeds.shop\/wp-content\/uploads\/2026\/04\/77c075b1-5b61-4f55-ba10-70a07ff15312.__CR106021371322_PT0_SX970_V1___-768x475.jpg 768w, https:\/\/shoptoyourneeds.shop\/wp-content\/uploads\/2026\/04\/77c075b1-5b61-4f55-ba10-70a07ff15312.__CR106021371322_PT0_SX970_V1___-18x12.jpg 18w, https:\/\/shoptoyourneeds.shop\/wp-content\/uploads\/2026\/04\/77c075b1-5b61-4f55-ba10-70a07ff15312.__CR106021371322_PT0_SX970_V1___-600x371.jpg 600w, https:\/\/shoptoyourneeds.shop\/wp-content\/uploads\/2026\/04\/77c075b1-5b61-4f55-ba10-70a07ff15312.__CR106021371322_PT0_SX970_V1___-1x1.jpg 1w, https:\/\/shoptoyourneeds.shop\/wp-content\/uploads\/2026\/04\/77c075b1-5b61-4f55-ba10-70a07ff15312.__CR106021371322_PT0_SX970_V1___-10x6.jpg 10w\" sizes=\"auto, (max-width: 970px) 100vw, 970px\" \/>\t\t\t\t\t\t\t\t\t\t\t\t\t\t\t<\/div>\n\t\t\t\t<\/div>\n\t\t\t\t<div class=\"elementor-element elementor-element-54477b3a elementor-widget elementor-widget-heading\" data-id=\"54477b3a\" data-element_type=\"widget\" data-settings=\"{&quot;ekit_we_effect_on&quot;:&quot;none&quot;}\" data-widget_type=\"heading.default\">\n\t\t\t\t<div class=\"elementor-widget-container\">\n\t\t\t\t\t<h2 class=\"elementor-heading-title elementor-size-default\">Nombre y datos de contacto grabados \u2013 Identificaci\u00f3n clara en caso de p\u00e9rdida<\/h2>\t\t\t\t<\/div>\n\t\t\t\t<\/div>\n\t\t\t\t<div class=\"elementor-element elementor-element-72692067 elementor-widget elementor-widget-text-editor\" data-id=\"72692067\" data-element_type=\"widget\" data-settings=\"{&quot;ekit_we_effect_on&quot;:&quot;none&quot;}\" data-widget_type=\"text-editor.default\">\n\t\t\t\t<div class=\"elementor-widget-container\">\n\t\t\t\t\t\t\t\t\t<div class=\"celwidget aplus-module 3p-module-b aplus-standard\" data-csa-c-id=\"vdorm4-9k3l2f-ndk7qp-csey82\" data-cel-widget=\"aplus-3p-module-b\"><div class=\"aplus-module-wrapper aplus-3p-fixed-width\"><p class=\"a-spacing-base\">Adem\u00e1s de la imagen personalizada, cada etiqueta puede incluir\u00a0<strong>texto grabado con tu nombre, n\u00famero de tel\u00e9fono o cualquier mensaje<\/strong>\u00a0que desees. Si alguien encuentra tus llaves, podr\u00e1 contactarte directamente sin necesidad de tecnolog\u00eda. Es la combinaci\u00f3n perfecta entre lo digital y lo anal\u00f3gico para maximizar las probabilidades de recuperaci\u00f3n .<\/p><\/div><\/div>\t\t\t\t\t\t\t\t<\/div>\n\t\t\t\t<\/div>\n\t\t\t\t<div class=\"elementor-element elementor-element-3aed3889 elementor-widget elementor-widget-image\" data-id=\"3aed3889\" data-element_type=\"widget\" data-settings=\"{&quot;ekit_we_effect_on&quot;:&quot;none&quot;}\" data-widget_type=\"image.default\">\n\t\t\t\t<div class=\"elementor-widget-container\">\n\t\t\t\t\t\t\t\t\t\t\t\t\t\t\t<img loading=\"lazy\" decoding=\"async\" width=\"970\" height=\"600\" src=\"https:\/\/shoptoyourneeds.shop\/wp-content\/uploads\/2026\/04\/ec4f4304-d3fa-466b-92d7-df6ae5ac0152.__CR6801164720_PT0_SX970_V1___.jpg\" class=\"attachment-full size-full wp-image-13519 wvs-archive-product-image\" alt=\"\" srcset=\"https:\/\/shoptoyourneeds.shop\/wp-content\/uploads\/2026\/04\/ec4f4304-d3fa-466b-92d7-df6ae5ac0152.__CR6801164720_PT0_SX970_V1___.jpg 970w, https:\/\/shoptoyourneeds.shop\/wp-content\/uploads\/2026\/04\/ec4f4304-d3fa-466b-92d7-df6ae5ac0152.__CR6801164720_PT0_SX970_V1___-300x186.jpg 300w, https:\/\/shoptoyourneeds.shop\/wp-content\/uploads\/2026\/04\/ec4f4304-d3fa-466b-92d7-df6ae5ac0152.__CR6801164720_PT0_SX970_V1___-768x475.jpg 768w, https:\/\/shoptoyourneeds.shop\/wp-content\/uploads\/2026\/04\/ec4f4304-d3fa-466b-92d7-df6ae5ac0152.__CR6801164720_PT0_SX970_V1___-18x12.jpg 18w, https:\/\/shoptoyourneeds.shop\/wp-content\/uploads\/2026\/04\/ec4f4304-d3fa-466b-92d7-df6ae5ac0152.__CR6801164720_PT0_SX970_V1___-600x371.jpg 600w, https:\/\/shoptoyourneeds.shop\/wp-content\/uploads\/2026\/04\/ec4f4304-d3fa-466b-92d7-df6ae5ac0152.__CR6801164720_PT0_SX970_V1___-1x1.jpg 1w, https:\/\/shoptoyourneeds.shop\/wp-content\/uploads\/2026\/04\/ec4f4304-d3fa-466b-92d7-df6ae5ac0152.__CR6801164720_PT0_SX970_V1___-10x6.jpg 10w\" sizes=\"auto, (max-width: 970px) 100vw, 970px\" \/>\t\t\t\t\t\t\t\t\t\t\t\t\t\t\t<\/div>\n\t\t\t\t<\/div>\n\t\t\t\t<div class=\"elementor-element elementor-element-44013a47 elementor-widget elementor-widget-heading\" data-id=\"44013a47\" data-element_type=\"widget\" data-settings=\"{&quot;ekit_we_effect_on&quot;:&quot;none&quot;}\" data-widget_type=\"heading.default\">\n\t\t\t\t<div class=\"elementor-widget-container\">\n\t\t\t\t\t<h2 class=\"elementor-heading-title elementor-size-default\">Dise\u00f1o personalizable \u2013 Una etiqueta \u00fanica que te representa<\/h2>\t\t\t\t<\/div>\n\t\t\t\t<\/div>\n\t\t\t\t<div class=\"elementor-element elementor-element-43d52791 elementor-widget elementor-widget-text-editor\" data-id=\"43d52791\" data-element_type=\"widget\" data-settings=\"{&quot;ekit_we_effect_on&quot;:&quot;none&quot;}\" data-widget_type=\"text-editor.default\">\n\t\t\t\t<div class=\"elementor-widget-container\">\n\t\t\t\t\t\t\t\t\t<p>Olv\u00eddate de las aburridas etiquetas gen\u00e9ricas. Con nuestras etiquetas fotogr\u00e1ficas, puedes\u00a0<strong>subir tu propia foto, imagen o dise\u00f1o favorito<\/strong>\u00a0para crear un accesorio que realmente te represente. Desde una foto familiar hasta tu mascota, pasando por un dise\u00f1o art\u00edstico o un logotipo personal, cada etiqueta es \u00fanica y f\u00e1cilmente reconocible. Tambi\u00e9n ofrecemos una amplia galer\u00eda de dise\u00f1os predise\u00f1ados para elegir .<\/p>\t\t\t\t\t\t\t\t<\/div>\n\t\t\t\t<\/div>\n\t\t\t\t<div class=\"elementor-element elementor-element-35cd5697 elementor-widget elementor-widget-image\" data-id=\"35cd5697\" data-element_type=\"widget\" data-settings=\"{&quot;ekit_we_effect_on&quot;:&quot;none&quot;}\" data-widget_type=\"image.default\">\n\t\t\t\t<div class=\"elementor-widget-container\">\n\t\t\t\t\t\t\t\t\t\t\t\t\t\t\t<img loading=\"lazy\" decoding=\"async\" width=\"970\" height=\"600\" src=\"https:\/\/shoptoyourneeds.shop\/wp-content\/uploads\/2026\/04\/7097131a-8fc8-4154-b793-06d358eb223d.__CR2470970600_PT0_SX970_V1___.jpg\" class=\"attachment-full size-full wp-image-13520 wvs-archive-product-image\" alt=\"\" srcset=\"https:\/\/shoptoyourneeds.shop\/wp-content\/uploads\/2026\/04\/7097131a-8fc8-4154-b793-06d358eb223d.__CR2470970600_PT0_SX970_V1___.jpg 970w, https:\/\/shoptoyourneeds.shop\/wp-content\/uploads\/2026\/04\/7097131a-8fc8-4154-b793-06d358eb223d.__CR2470970600_PT0_SX970_V1___-300x186.jpg 300w, https:\/\/shoptoyourneeds.shop\/wp-content\/uploads\/2026\/04\/7097131a-8fc8-4154-b793-06d358eb223d.__CR2470970600_PT0_SX970_V1___-768x475.jpg 768w, https:\/\/shoptoyourneeds.shop\/wp-content\/uploads\/2026\/04\/7097131a-8fc8-4154-b793-06d358eb223d.__CR2470970600_PT0_SX970_V1___-18x12.jpg 18w, https:\/\/shoptoyourneeds.shop\/wp-content\/uploads\/2026\/04\/7097131a-8fc8-4154-b793-06d358eb223d.__CR2470970600_PT0_SX970_V1___-600x371.jpg 600w, https:\/\/shoptoyourneeds.shop\/wp-content\/uploads\/2026\/04\/7097131a-8fc8-4154-b793-06d358eb223d.__CR2470970600_PT0_SX970_V1___-1x1.jpg 1w, https:\/\/shoptoyourneeds.shop\/wp-content\/uploads\/2026\/04\/7097131a-8fc8-4154-b793-06d358eb223d.__CR2470970600_PT0_SX970_V1___-10x6.jpg 10w\" sizes=\"auto, (max-width: 970px) 100vw, 970px\" \/>\t\t\t\t\t\t\t\t\t\t\t\t\t\t\t<\/div>\n\t\t\t\t<\/div>\n\t\t\t\t<div class=\"elementor-element elementor-element-7e277c5f elementor-widget elementor-widget-heading\" data-id=\"7e277c5f\" data-element_type=\"widget\" data-settings=\"{&quot;ekit_we_effect_on&quot;:&quot;none&quot;}\" data-widget_type=\"heading.default\">\n\t\t\t\t<div class=\"elementor-widget-container\">\n\t\t\t\t\t<h2 class=\"elementor-heading-title elementor-size-default\">Sound-Alert Close-Range Finder<\/h2>\t\t\t\t<\/div>\n\t\t\t\t<\/div>\n\t\t\t\t<div class=\"elementor-element elementor-element-6a4842c1 elementor-widget elementor-widget-text-editor\" data-id=\"6a4842c1\" data-element_type=\"widget\" data-settings=\"{&quot;ekit_we_effect_on&quot;:&quot;none&quot;}\" data-widget_type=\"text-editor.default\">\n\t\t\t\t<div class=\"elementor-widget-container\">\n\t\t\t\t\t\t\t\t\t<p>Struggling to find keys buried in your backpack? Misplacing your essentials around the house? Losing track of your luggage at the airport? Activate the PhotoTag tracker and it will emit a loud ring, helping you instantly locate your belongings nearby.<\/p>\t\t\t\t\t\t\t\t<\/div>\n\t\t\t\t<\/div>\n\t\t\t\t\t<\/div>\n\t\t\t\t<\/div>\n\t\t\t\t<\/div>","protected":false},"excerpt":{"rendered":"<h1 class=\"a-size-base-plus a-text-bold\">About this item<\/h1>\n<ul class=\"a-unordered-list a-vertical a-spacing-mini\">\n<li class=\"a-spacing-mini\"><span class=\"a-list-item\">\u3010Personalized Bluetooth Tracker\u3011PhotoTag has a customizable E Ink display. Personalize it with your favorite photo or contact info for a personal touch while tracking keys, backpacks, luggage, cars, bikes, dogs, cats, or valuables\u2014never lose your essentials again<\/span><\/li>\n<li class=\"a-spacing-mini\"><span class=\"a-list-item\">\u3010Built-In Digital Contact Card\u3011More than other tracker, PhotoTag\u2019s E Ink screen doubles as a digital contact card. Add your name, phone, or email on the E Ink screen so anyone who finds your lost item can easily reach you it<\/span><\/li>\n<\/ul>","protected":false},"featured_media":13502,"comment_status":"open","ping_status":"closed","template":"","meta":{"_acf_changed":false},"etheme_brands":[],"product_brand":[],"product_cat":[127,118],"product_tag":[],"class_list":{"0":"post-13498","1":"product","2":"type-product","3":"status-publish","4":"has-post-thumbnail","6":"product_cat-dao","7":"product_cat-sale-shop","9":"first","10":"instock","11":"sale","12":"shipping-taxable","13":"purchasable","14":"product-type-variable","15":"has-default-attributes","16":"wvs-archive-product-wrapper"},"acf":[],"_links":{"self":[{"href":"https:\/\/shoptoyourneeds.shop\/da\/wp-json\/wp\/v2\/product\/13498","targetHints":{"allow":["GET"]}}],"collection":[{"href":"https:\/\/shoptoyourneeds.shop\/da\/wp-json\/wp\/v2\/product"}],"about":[{"href":"https:\/\/shoptoyourneeds.shop\/da\/wp-json\/wp\/v2\/types\/product"}],"replies":[{"embeddable":true,"href":"https:\/\/shoptoyourneeds.shop\/da\/wp-json\/wp\/v2\/comments?post=13498"}],"version-history":[{"count":4,"href":"https:\/\/shoptoyourneeds.shop\/da\/wp-json\/wp\/v2\/product\/13498\/revisions"}],"predecessor-version":[{"id":13526,"href":"https:\/\/shoptoyourneeds.shop\/da\/wp-json\/wp\/v2\/product\/13498\/revisions\/13526"}],"wp:featuredmedia":[{"embeddable":true,"href":"https:\/\/shoptoyourneeds.shop\/da\/wp-json\/wp\/v2\/media\/13502"}],"wp:attachment":[{"href":"https:\/\/shoptoyourneeds.shop\/da\/wp-json\/wp\/v2\/media?parent=13498"}],"wp:term":[{"taxonomy":"brand","embeddable":true,"href":"https:\/\/shoptoyourneeds.shop\/da\/wp-json\/wp\/v2\/etheme_brands?post=13498"},{"taxonomy":"product_brand","embeddable":true,"href":"https:\/\/shoptoyourneeds.shop\/da\/wp-json\/wp\/v2\/product_brand?post=13498"},{"taxonomy":"product_cat","embeddable":true,"href":"https:\/\/shoptoyourneeds.shop\/da\/wp-json\/wp\/v2\/product_cat?post=13498"},{"taxonomy":"product_tag","embeddable":true,"href":"https:\/\/shoptoyourneeds.shop\/da\/wp-json\/wp\/v2\/product_tag?post=13498"}],"curies":[{"name":"wp","href":"https:\/\/api.w.org\/{rel}","templated":true}]}}