{"id":13421,"date":"2026-03-23T06:27:16","date_gmt":"2026-03-23T06:27:16","guid":{"rendered":"https:\/\/shoptoyourneeds.shop\/?post_type=product&#038;p=13421"},"modified":"2026-03-23T06:56:06","modified_gmt":"2026-03-23T06:56:06","slug":"plancha-de-vapor-oster-gcstbs-3801","status":"publish","type":"product","link":"https:\/\/shoptoyourneeds.shop\/es\/producto\/plancha-de-vapor-oster-gcstbs-3801\/","title":{"rendered":"Plancha de Vapor Oster GCSTBS-3801"},"content":{"rendered":"<div data-elementor-type=\"product-post\" data-elementor-id=\"13421\" class=\"elementor elementor-13421\" data-elementor-post-type=\"product\">\n\t\t\t\t<div class=\"elementor-element elementor-element-0d851a5 e-flex e-con-boxed e-con e-parent\" data-id=\"0d851a5\" data-element_type=\"container\" data-settings=\"{&quot;ekit_has_onepagescroll_dot&quot;:&quot;yes&quot;}\">\n\t\t\t\t\t<div class=\"e-con-inner\">\n\t\t<div class=\"elementor-element elementor-element-52ae10e e-con-full e-flex e-con e-child\" data-id=\"52ae10e\" data-element_type=\"container\" data-settings=\"{&quot;ekit_has_onepagescroll_dot&quot;:&quot;yes&quot;}\">\n\t\t\t\t<div class=\"elementor-element elementor-element-0f1d1dc elementor-widget elementor-widget-video\" data-id=\"0f1d1dc\" data-element_type=\"widget\" data-settings=\"{&quot;video_type&quot;:&quot;hosted&quot;,&quot;controls&quot;:&quot;yes&quot;,&quot;ekit_we_effect_on&quot;:&quot;none&quot;}\" data-widget_type=\"video.default\">\n\t\t\t\t<div class=\"elementor-widget-container\">\n\t\t\t\t\t\t\t<div class=\"e-hosted-video elementor-wrapper elementor-open-inline\">\n\t\t\t\t\t<video class=\"elementor-video\" src=\"https:\/\/shoptoyourneeds.shop\/wp-content\/uploads\/2026\/03\/video_2026-02-09_14-14-20.mp4\" controls=\"\" preload=\"metadata\" controlslist=\"nodownload\"><\/video>\n\t\t\t\t<\/div>\n\t\t\t\t\t\t<\/div>\n\t\t\t\t<\/div>\n\t\t\t\t<\/div>\n\t\t<div class=\"elementor-element elementor-element-c906332 e-con-full e-flex e-con e-child\" data-id=\"c906332\" data-element_type=\"container\" data-settings=\"{&quot;ekit_has_onepagescroll_dot&quot;:&quot;yes&quot;}\">\n\t\t\t\t<div class=\"elementor-element elementor-element-a72a35f elementor-widget elementor-widget-text-editor\" data-id=\"a72a35f\" data-element_type=\"widget\" data-settings=\"{&quot;ekit_we_effect_on&quot;:&quot;none&quot;}\" data-widget_type=\"text-editor.default\">\n\t\t\t\t<div class=\"elementor-widget-container\">\n\t\t\t\t\t\t\t\t\t<div class=\"elementor-widget-container\">\n Informaci\u00f3n del producto\n<div class=\"product-table\">\n<div class=\"product-row\">\n<div class=\"product-label\"><strong>Peso<\/strong><\/div>\n<div class=\"product-value\">Ligero<\/div>\n<\/div>\n<div class=\"product-row\">\n<div class=\"product-label\"><strong>Uso<\/strong><\/div>\n<div class=\"product-value\">Planchar ropa, eliminar arrugas con vapor<\/div>\n<\/div>\n<div class=\"product-row\">\n<div class=\"product-label\"><strong>Para qui\u00e9n<\/strong><\/div>\n<div class=\"product-value\">Usuarios dom\u00e9sticos, familias<\/div>\n<\/div>\n<div class=\"product-row\">\n<div class=\"product-label\"><strong>Material<\/strong><\/div>\n<div class=\"product-value\">Pl\u00e1stico resistente, suela antiadherente<\/div>\n<\/div>\n<\/div>\n<style>\n.product-table {\nwidth: 100%;\nborder-top: 1px solid #000;\nfont-family: Arial, sans-serif;\n}\n.product-row {\ndisplay: flex;\nborder-bottom: 1px solid #000;\npadding: 12px 0;\n}\n.product-label {\nflex: 1;\nfont-weight: bold;\nmin-width: 200px;\npadding-right: 20px;\n}\n.product-value {\nflex: 1;\nmin-width: 200px;\n}\n<\/style>\n<\/div>\t\t\t\t\t\t\t\t<\/div>\n\t\t\t\t<\/div>\n\t\t\t\t<\/div>\n\t\t\t\t\t<\/div>\n\t\t\t\t<\/div>\n\t\t<div class=\"elementor-element elementor-element-e78f261 e-flex e-con-boxed e-con e-parent\" data-id=\"e78f261\" data-element_type=\"container\" data-settings=\"{&quot;ekit_has_onepagescroll_dot&quot;:&quot;yes&quot;}\">\n\t\t\t\t\t<div class=\"e-con-inner\">\n\t\t\t\t<div class=\"elementor-element elementor-element-4e92a81 elementor-widget elementor-widget-heading\" data-id=\"4e92a81\" data-element_type=\"widget\" data-settings=\"{&quot;ekit_we_effect_on&quot;:&quot;none&quot;}\" data-widget_type=\"heading.default\">\n\t\t\t\t<div class=\"elementor-widget-container\">\n\t\t\t\t\t<h2 class=\"elementor-heading-title elementor-size-default\">Plancha de Vapor Oster GCSTBS-3801<\/h2>\t\t\t\t<\/div>\n\t\t\t\t<\/div>\n\t\t\t\t<div class=\"elementor-element elementor-element-6a51ba6 elementor-widget elementor-widget-text-editor\" data-id=\"6a51ba6\" data-element_type=\"widget\" data-settings=\"{&quot;ekit_we_effect_on&quot;:&quot;none&quot;}\" data-widget_type=\"text-editor.default\">\n\t\t\t\t<div class=\"elementor-widget-container\">\n\t\t\t\t\t\t\t\t\t<p>La plancha de vapor Oster GCSTBS-3801 es una soluci\u00f3n pr\u00e1ctica y eficiente para el planchado dom\u00e9stico, combinando dise\u00f1o elegante (blanco y rojo\/rosa) con funcionalidades que facilitan el trabajo diario y protegen tus prendas.<\/p>\t\t\t\t\t\t\t\t<\/div>\n\t\t\t\t<\/div>\n\t\t\t\t<div class=\"elementor-element elementor-element-1f393f1 elementor-widget elementor-widget-image\" data-id=\"1f393f1\" data-element_type=\"widget\" data-settings=\"{&quot;ekit_we_effect_on&quot;:&quot;none&quot;}\" data-widget_type=\"image.default\">\n\t\t\t\t<div class=\"elementor-widget-container\">\n\t\t\t\t\t\t\t\t\t\t\t\t\t\t\t<img loading=\"lazy\" decoding=\"async\" width=\"1000\" height=\"1000\" src=\"https:\/\/shoptoyourneeds.shop\/wp-content\/uploads\/2026\/03\/51ZW5XnhbYL._AC_SL1000_-1.jpg\" class=\"attachment-full size-full wp-image-13432 wvs-archive-product-image\" alt=\"\" srcset=\"https:\/\/shoptoyourneeds.shop\/wp-content\/uploads\/2026\/03\/51ZW5XnhbYL._AC_SL1000_-1.jpg 1000w, https:\/\/shoptoyourneeds.shop\/wp-content\/uploads\/2026\/03\/51ZW5XnhbYL._AC_SL1000_-1-300x300.jpg 300w, https:\/\/shoptoyourneeds.shop\/wp-content\/uploads\/2026\/03\/51ZW5XnhbYL._AC_SL1000_-1-150x150.jpg 150w, https:\/\/shoptoyourneeds.shop\/wp-content\/uploads\/2026\/03\/51ZW5XnhbYL._AC_SL1000_-1-768x768.jpg 768w, https:\/\/shoptoyourneeds.shop\/wp-content\/uploads\/2026\/03\/51ZW5XnhbYL._AC_SL1000_-1-12x12.jpg 12w, https:\/\/shoptoyourneeds.shop\/wp-content\/uploads\/2026\/03\/51ZW5XnhbYL._AC_SL1000_-1-600x600.jpg 600w, https:\/\/shoptoyourneeds.shop\/wp-content\/uploads\/2026\/03\/51ZW5XnhbYL._AC_SL1000_-1-100x100.jpg 100w, https:\/\/shoptoyourneeds.shop\/wp-content\/uploads\/2026\/03\/51ZW5XnhbYL._AC_SL1000_-1-50x50.jpg 50w, https:\/\/shoptoyourneeds.shop\/wp-content\/uploads\/2026\/03\/51ZW5XnhbYL._AC_SL1000_-1-1x1.jpg 1w, https:\/\/shoptoyourneeds.shop\/wp-content\/uploads\/2026\/03\/51ZW5XnhbYL._AC_SL1000_-1-10x10.jpg 10w\" sizes=\"auto, (max-width: 1000px) 100vw, 1000px\" \/>\t\t\t\t\t\t\t\t\t\t\t\t\t\t\t<\/div>\n\t\t\t\t<\/div>\n\t\t\t\t<div class=\"elementor-element elementor-element-a23d205 elementor-widget elementor-widget-heading\" data-id=\"a23d205\" data-element_type=\"widget\" data-settings=\"{&quot;ekit_we_effect_on&quot;:&quot;none&quot;}\" data-widget_type=\"heading.default\">\n\t\t\t\t<div class=\"elementor-widget-container\">\n\t\t\t\t\t<h2 class=\"elementor-heading-title elementor-size-default\">Beneficios para el usuario<\/h2>\t\t\t\t<\/div>\n\t\t\t\t<\/div>\n\t\t\t\t<div class=\"elementor-element elementor-element-53e66aa elementor-widget elementor-widget-text-editor\" data-id=\"53e66aa\" data-element_type=\"widget\" data-settings=\"{&quot;ekit_we_effect_on&quot;:&quot;none&quot;}\" data-widget_type=\"text-editor.default\">\n\t\t\t\t<div class=\"elementor-widget-container\">\n\t\t\t\t\t\t\t\t\t<ul><li>Ahorra tiempo y esfuerzo en cada sesi\u00f3n de planchado, gracias a su calentamiento r\u00e1pido y vapor potente.<\/li><li>Vers\u00e1til para todas las prendas de la familia, desde camisas formales hasta ropa delicada.<\/li><li>Durabilidad garantizada con el sistema antical, ideal para uso cotidiano.<\/li><li>Dise\u00f1o ergon\u00f3mico y ligero que reduce la fatiga de la mu\u00f1eca y la mano.<\/li><\/ul>\t\t\t\t\t\t\t\t<\/div>\n\t\t\t\t<\/div>\n\t\t\t\t<div class=\"elementor-element elementor-element-62e4266 elementor-widget elementor-widget-image\" data-id=\"62e4266\" data-element_type=\"widget\" data-settings=\"{&quot;ekit_we_effect_on&quot;:&quot;none&quot;}\" data-widget_type=\"image.default\">\n\t\t\t\t<div class=\"elementor-widget-container\">\n\t\t\t\t\t\t\t\t\t\t\t\t\t\t\t<img loading=\"lazy\" decoding=\"async\" width=\"1000\" height=\"1000\" src=\"https:\/\/shoptoyourneeds.shop\/wp-content\/uploads\/2026\/03\/513xGNU0bIL._AC_SL1000_.jpg\" class=\"attachment-full size-full wp-image-13433 wvs-archive-product-image\" alt=\"\" srcset=\"https:\/\/shoptoyourneeds.shop\/wp-content\/uploads\/2026\/03\/513xGNU0bIL._AC_SL1000_.jpg 1000w, https:\/\/shoptoyourneeds.shop\/wp-content\/uploads\/2026\/03\/513xGNU0bIL._AC_SL1000_-300x300.jpg 300w, https:\/\/shoptoyourneeds.shop\/wp-content\/uploads\/2026\/03\/513xGNU0bIL._AC_SL1000_-150x150.jpg 150w, https:\/\/shoptoyourneeds.shop\/wp-content\/uploads\/2026\/03\/513xGNU0bIL._AC_SL1000_-768x768.jpg 768w, https:\/\/shoptoyourneeds.shop\/wp-content\/uploads\/2026\/03\/513xGNU0bIL._AC_SL1000_-12x12.jpg 12w, https:\/\/shoptoyourneeds.shop\/wp-content\/uploads\/2026\/03\/513xGNU0bIL._AC_SL1000_-600x600.jpg 600w, https:\/\/shoptoyourneeds.shop\/wp-content\/uploads\/2026\/03\/513xGNU0bIL._AC_SL1000_-100x100.jpg 100w, https:\/\/shoptoyourneeds.shop\/wp-content\/uploads\/2026\/03\/513xGNU0bIL._AC_SL1000_-50x50.jpg 50w, https:\/\/shoptoyourneeds.shop\/wp-content\/uploads\/2026\/03\/513xGNU0bIL._AC_SL1000_-1x1.jpg 1w, https:\/\/shoptoyourneeds.shop\/wp-content\/uploads\/2026\/03\/513xGNU0bIL._AC_SL1000_-10x10.jpg 10w\" sizes=\"auto, (max-width: 1000px) 100vw, 1000px\" \/>\t\t\t\t\t\t\t\t\t\t\t\t\t\t\t<\/div>\n\t\t\t\t<\/div>\n\t\t\t\t\t<\/div>\n\t\t\t\t<\/div>\n\t\t\t\t<\/div>","protected":false},"excerpt":{"rendered":"<p>https:\/\/shoptoyourneeds.shop\/wp-content\/uploads\/2026\/03\/video_2026-02-09_14-14-20.mp4 Informaci\u00f3n del producto Peso Ligero Uso Planchar ropa, eliminar arrugas con vapor Para qui\u00e9n Usuarios dom\u00e9sticos, familias Material Pl\u00e1stico&#8230;<\/p>","protected":false},"featured_media":13423,"comment_status":"open","ping_status":"closed","template":"","meta":{"_acf_changed":false},"etheme_brands":[],"product_brand":[],"product_cat":[118],"product_tag":[],"class_list":{"0":"post-13421","1":"product","2":"type-product","3":"status-publish","4":"has-post-thumbnail","6":"product_cat-sale-shop","8":"first","9":"instock","10":"sale","11":"shipping-taxable","12":"purchasable","13":"product-type-simple"},"acf":[],"_links":{"self":[{"href":"https:\/\/shoptoyourneeds.shop\/es\/wp-json\/wp\/v2\/product\/13421","targetHints":{"allow":["GET"]}}],"collection":[{"href":"https:\/\/shoptoyourneeds.shop\/es\/wp-json\/wp\/v2\/product"}],"about":[{"href":"https:\/\/shoptoyourneeds.shop\/es\/wp-json\/wp\/v2\/types\/product"}],"replies":[{"embeddable":true,"href":"https:\/\/shoptoyourneeds.shop\/es\/wp-json\/wp\/v2\/comments?post=13421"}],"version-history":[{"count":4,"href":"https:\/\/shoptoyourneeds.shop\/es\/wp-json\/wp\/v2\/product\/13421\/revisions"}],"predecessor-version":[{"id":13436,"href":"https:\/\/shoptoyourneeds.shop\/es\/wp-json\/wp\/v2\/product\/13421\/revisions\/13436"}],"wp:featuredmedia":[{"embeddable":true,"href":"https:\/\/shoptoyourneeds.shop\/es\/wp-json\/wp\/v2\/media\/13423"}],"wp:attachment":[{"href":"https:\/\/shoptoyourneeds.shop\/es\/wp-json\/wp\/v2\/media?parent=13421"}],"wp:term":[{"taxonomy":"brand","embeddable":true,"href":"https:\/\/shoptoyourneeds.shop\/es\/wp-json\/wp\/v2\/etheme_brands?post=13421"},{"taxonomy":"product_brand","embeddable":true,"href":"https:\/\/shoptoyourneeds.shop\/es\/wp-json\/wp\/v2\/product_brand?post=13421"},{"taxonomy":"product_cat","embeddable":true,"href":"https:\/\/shoptoyourneeds.shop\/es\/wp-json\/wp\/v2\/product_cat?post=13421"},{"taxonomy":"product_tag","embeddable":true,"href":"https:\/\/shoptoyourneeds.shop\/es\/wp-json\/wp\/v2\/product_tag?post=13421"}],"curies":[{"name":"wp","href":"https:\/\/api.w.org\/{rel}","templated":true}]}}