{"id":13442,"date":"2026-03-28T01:46:31","date_gmt":"2026-03-28T01:46:31","guid":{"rendered":"https:\/\/shoptoyourneeds.shop\/?post_type=product&#038;p=13442"},"modified":"2026-03-28T01:54:17","modified_gmt":"2026-03-28T01:54:17","slug":"sandwichera-electrica-antiadherente-para-2-emparedados-panini","status":"publish","type":"product","link":"https:\/\/shoptoyourneeds.shop\/es\/producto\/sandwichera-electrica-antiadherente-para-2-emparedados-panini\/","title":{"rendered":"Sandwichera El\u00e9ctrica Antiadherente para 2 Emparedados, Panini"},"content":{"rendered":"<div data-elementor-type=\"product-post\" data-elementor-id=\"13442\" class=\"elementor elementor-13442\" data-elementor-post-type=\"product\">\n\t\t\t\t<div class=\"elementor-element elementor-element-3f1ffe2a e-flex e-con-boxed e-con e-parent\" data-id=\"3f1ffe2a\" data-element_type=\"container\" data-settings=\"{&quot;ekit_has_onepagescroll_dot&quot;:&quot;yes&quot;}\">\n\t\t\t\t\t<div class=\"e-con-inner\">\n\t\t\t\t<div class=\"elementor-element elementor-element-75077c4d elementor-widget elementor-widget-image\" data-id=\"75077c4d\" data-element_type=\"widget\" data-settings=\"{&quot;ekit_we_effect_on&quot;:&quot;none&quot;}\" data-widget_type=\"image.default\">\n\t\t\t\t<div class=\"elementor-widget-container\">\n\t\t\t\t\t\t\t\t\t\t\t\t\t\t\t<img loading=\"lazy\" decoding=\"async\" width=\"1001\" height=\"1001\" src=\"https:\/\/shoptoyourneeds.shop\/wp-content\/uploads\/2026\/03\/S2518aeedf5684bd6982e7792736cc2eeM.webp\" class=\"attachment-full size-full wp-image-13450 wvs-archive-product-image\" alt=\"\" srcset=\"https:\/\/shoptoyourneeds.shop\/wp-content\/uploads\/2026\/03\/S2518aeedf5684bd6982e7792736cc2eeM.webp 1001w, https:\/\/shoptoyourneeds.shop\/wp-content\/uploads\/2026\/03\/S2518aeedf5684bd6982e7792736cc2eeM-300x300.webp 300w, https:\/\/shoptoyourneeds.shop\/wp-content\/uploads\/2026\/03\/S2518aeedf5684bd6982e7792736cc2eeM-150x150.webp 150w, https:\/\/shoptoyourneeds.shop\/wp-content\/uploads\/2026\/03\/S2518aeedf5684bd6982e7792736cc2eeM-768x768.webp 768w, https:\/\/shoptoyourneeds.shop\/wp-content\/uploads\/2026\/03\/S2518aeedf5684bd6982e7792736cc2eeM-12x12.webp 12w, https:\/\/shoptoyourneeds.shop\/wp-content\/uploads\/2026\/03\/S2518aeedf5684bd6982e7792736cc2eeM-600x600.webp 600w, https:\/\/shoptoyourneeds.shop\/wp-content\/uploads\/2026\/03\/S2518aeedf5684bd6982e7792736cc2eeM-100x100.webp 100w, https:\/\/shoptoyourneeds.shop\/wp-content\/uploads\/2026\/03\/S2518aeedf5684bd6982e7792736cc2eeM-50x50.webp 50w, https:\/\/shoptoyourneeds.shop\/wp-content\/uploads\/2026\/03\/S2518aeedf5684bd6982e7792736cc2eeM-1x1.webp 1w, https:\/\/shoptoyourneeds.shop\/wp-content\/uploads\/2026\/03\/S2518aeedf5684bd6982e7792736cc2eeM-10x10.webp 10w\" sizes=\"auto, (max-width: 1001px) 100vw, 1001px\" \/>\t\t\t\t\t\t\t\t\t\t\t\t\t\t\t<\/div>\n\t\t\t\t<\/div>\n\t\t\t\t<div class=\"elementor-element elementor-element-e2a5da0 elementor-widget elementor-widget-image\" data-id=\"e2a5da0\" data-element_type=\"widget\" data-settings=\"{&quot;ekit_we_effect_on&quot;:&quot;none&quot;}\" data-widget_type=\"image.default\">\n\t\t\t\t<div class=\"elementor-widget-container\">\n\t\t\t\t\t\t\t\t\t\t\t\t\t\t\t<img loading=\"lazy\" decoding=\"async\" width=\"1001\" height=\"1001\" src=\"https:\/\/shoptoyourneeds.shop\/wp-content\/uploads\/2026\/03\/S86a0fd31e2c943f9922c8993ee3278f8J.webp\" class=\"attachment-full size-full wp-image-13451 wvs-archive-product-image\" alt=\"\" srcset=\"https:\/\/shoptoyourneeds.shop\/wp-content\/uploads\/2026\/03\/S86a0fd31e2c943f9922c8993ee3278f8J.webp 1001w, https:\/\/shoptoyourneeds.shop\/wp-content\/uploads\/2026\/03\/S86a0fd31e2c943f9922c8993ee3278f8J-300x300.webp 300w, https:\/\/shoptoyourneeds.shop\/wp-content\/uploads\/2026\/03\/S86a0fd31e2c943f9922c8993ee3278f8J-150x150.webp 150w, https:\/\/shoptoyourneeds.shop\/wp-content\/uploads\/2026\/03\/S86a0fd31e2c943f9922c8993ee3278f8J-768x768.webp 768w, https:\/\/shoptoyourneeds.shop\/wp-content\/uploads\/2026\/03\/S86a0fd31e2c943f9922c8993ee3278f8J-12x12.webp 12w, https:\/\/shoptoyourneeds.shop\/wp-content\/uploads\/2026\/03\/S86a0fd31e2c943f9922c8993ee3278f8J-600x600.webp 600w, https:\/\/shoptoyourneeds.shop\/wp-content\/uploads\/2026\/03\/S86a0fd31e2c943f9922c8993ee3278f8J-100x100.webp 100w, https:\/\/shoptoyourneeds.shop\/wp-content\/uploads\/2026\/03\/S86a0fd31e2c943f9922c8993ee3278f8J-50x50.webp 50w, https:\/\/shoptoyourneeds.shop\/wp-content\/uploads\/2026\/03\/S86a0fd31e2c943f9922c8993ee3278f8J-1x1.webp 1w, https:\/\/shoptoyourneeds.shop\/wp-content\/uploads\/2026\/03\/S86a0fd31e2c943f9922c8993ee3278f8J-10x10.webp 10w\" sizes=\"auto, (max-width: 1001px) 100vw, 1001px\" \/>\t\t\t\t\t\t\t\t\t\t\t\t\t\t\t<\/div>\n\t\t\t\t<\/div>\n\t\t\t\t<div class=\"elementor-element elementor-element-3a14925b elementor-widget elementor-widget-image\" data-id=\"3a14925b\" data-element_type=\"widget\" data-settings=\"{&quot;ekit_we_effect_on&quot;:&quot;none&quot;}\" data-widget_type=\"image.default\">\n\t\t\t\t<div class=\"elementor-widget-container\">\n\t\t\t\t\t\t\t\t\t\t\t\t\t\t\t<img loading=\"lazy\" decoding=\"async\" width=\"1001\" height=\"1001\" src=\"https:\/\/shoptoyourneeds.shop\/wp-content\/uploads\/2026\/03\/Sf5b43475f3444a76b32548da40b7e1f6Y.webp\" class=\"attachment-full size-full wp-image-13452 wvs-archive-product-image\" alt=\"\" srcset=\"https:\/\/shoptoyourneeds.shop\/wp-content\/uploads\/2026\/03\/Sf5b43475f3444a76b32548da40b7e1f6Y.webp 1001w, https:\/\/shoptoyourneeds.shop\/wp-content\/uploads\/2026\/03\/Sf5b43475f3444a76b32548da40b7e1f6Y-300x300.webp 300w, https:\/\/shoptoyourneeds.shop\/wp-content\/uploads\/2026\/03\/Sf5b43475f3444a76b32548da40b7e1f6Y-150x150.webp 150w, https:\/\/shoptoyourneeds.shop\/wp-content\/uploads\/2026\/03\/Sf5b43475f3444a76b32548da40b7e1f6Y-768x768.webp 768w, https:\/\/shoptoyourneeds.shop\/wp-content\/uploads\/2026\/03\/Sf5b43475f3444a76b32548da40b7e1f6Y-12x12.webp 12w, https:\/\/shoptoyourneeds.shop\/wp-content\/uploads\/2026\/03\/Sf5b43475f3444a76b32548da40b7e1f6Y-600x600.webp 600w, https:\/\/shoptoyourneeds.shop\/wp-content\/uploads\/2026\/03\/Sf5b43475f3444a76b32548da40b7e1f6Y-100x100.webp 100w, https:\/\/shoptoyourneeds.shop\/wp-content\/uploads\/2026\/03\/Sf5b43475f3444a76b32548da40b7e1f6Y-50x50.webp 50w, https:\/\/shoptoyourneeds.shop\/wp-content\/uploads\/2026\/03\/Sf5b43475f3444a76b32548da40b7e1f6Y-1x1.webp 1w, https:\/\/shoptoyourneeds.shop\/wp-content\/uploads\/2026\/03\/Sf5b43475f3444a76b32548da40b7e1f6Y-10x10.webp 10w\" sizes=\"auto, (max-width: 1001px) 100vw, 1001px\" \/>\t\t\t\t\t\t\t\t\t\t\t\t\t\t\t<\/div>\n\t\t\t\t<\/div>\n\t\t\t\t<div class=\"elementor-element elementor-element-2ce95010 elementor-widget elementor-widget-image\" data-id=\"2ce95010\" data-element_type=\"widget\" data-settings=\"{&quot;ekit_we_effect_on&quot;:&quot;none&quot;}\" data-widget_type=\"image.default\">\n\t\t\t\t<div class=\"elementor-widget-container\">\n\t\t\t\t\t\t\t\t\t\t\t\t\t\t\t<img loading=\"lazy\" decoding=\"async\" width=\"1001\" height=\"1001\" src=\"https:\/\/shoptoyourneeds.shop\/wp-content\/uploads\/2026\/03\/Saa1a54e6c0824d9ea84a6aed5133950dR.webp\" class=\"attachment-full size-full wp-image-13453 wvs-archive-product-image\" alt=\"\" srcset=\"https:\/\/shoptoyourneeds.shop\/wp-content\/uploads\/2026\/03\/Saa1a54e6c0824d9ea84a6aed5133950dR.webp 1001w, https:\/\/shoptoyourneeds.shop\/wp-content\/uploads\/2026\/03\/Saa1a54e6c0824d9ea84a6aed5133950dR-300x300.webp 300w, https:\/\/shoptoyourneeds.shop\/wp-content\/uploads\/2026\/03\/Saa1a54e6c0824d9ea84a6aed5133950dR-150x150.webp 150w, https:\/\/shoptoyourneeds.shop\/wp-content\/uploads\/2026\/03\/Saa1a54e6c0824d9ea84a6aed5133950dR-768x768.webp 768w, https:\/\/shoptoyourneeds.shop\/wp-content\/uploads\/2026\/03\/Saa1a54e6c0824d9ea84a6aed5133950dR-12x12.webp 12w, https:\/\/shoptoyourneeds.shop\/wp-content\/uploads\/2026\/03\/Saa1a54e6c0824d9ea84a6aed5133950dR-600x600.webp 600w, https:\/\/shoptoyourneeds.shop\/wp-content\/uploads\/2026\/03\/Saa1a54e6c0824d9ea84a6aed5133950dR-100x100.webp 100w, https:\/\/shoptoyourneeds.shop\/wp-content\/uploads\/2026\/03\/Saa1a54e6c0824d9ea84a6aed5133950dR-50x50.webp 50w, https:\/\/shoptoyourneeds.shop\/wp-content\/uploads\/2026\/03\/Saa1a54e6c0824d9ea84a6aed5133950dR-1x1.webp 1w, https:\/\/shoptoyourneeds.shop\/wp-content\/uploads\/2026\/03\/Saa1a54e6c0824d9ea84a6aed5133950dR-10x10.webp 10w\" sizes=\"auto, (max-width: 1001px) 100vw, 1001px\" \/>\t\t\t\t\t\t\t\t\t\t\t\t\t\t\t<\/div>\n\t\t\t\t<\/div>\n\t\t\t\t<div class=\"elementor-element elementor-element-50cd2159 elementor-widget elementor-widget-image\" data-id=\"50cd2159\" data-element_type=\"widget\" data-settings=\"{&quot;ekit_we_effect_on&quot;:&quot;none&quot;}\" data-widget_type=\"image.default\">\n\t\t\t\t<div class=\"elementor-widget-container\">\n\t\t\t\t\t\t\t\t\t\t\t\t\t\t\t<img loading=\"lazy\" decoding=\"async\" width=\"1001\" height=\"1001\" src=\"https:\/\/shoptoyourneeds.shop\/wp-content\/uploads\/2026\/03\/S8dd747ee5eb44272b096f571bd2a8003q.webp\" class=\"attachment-full size-full wp-image-13454 wvs-archive-product-image\" alt=\"\" srcset=\"https:\/\/shoptoyourneeds.shop\/wp-content\/uploads\/2026\/03\/S8dd747ee5eb44272b096f571bd2a8003q.webp 1001w, https:\/\/shoptoyourneeds.shop\/wp-content\/uploads\/2026\/03\/S8dd747ee5eb44272b096f571bd2a8003q-300x300.webp 300w, https:\/\/shoptoyourneeds.shop\/wp-content\/uploads\/2026\/03\/S8dd747ee5eb44272b096f571bd2a8003q-150x150.webp 150w, https:\/\/shoptoyourneeds.shop\/wp-content\/uploads\/2026\/03\/S8dd747ee5eb44272b096f571bd2a8003q-768x768.webp 768w, https:\/\/shoptoyourneeds.shop\/wp-content\/uploads\/2026\/03\/S8dd747ee5eb44272b096f571bd2a8003q-12x12.webp 12w, https:\/\/shoptoyourneeds.shop\/wp-content\/uploads\/2026\/03\/S8dd747ee5eb44272b096f571bd2a8003q-600x600.webp 600w, https:\/\/shoptoyourneeds.shop\/wp-content\/uploads\/2026\/03\/S8dd747ee5eb44272b096f571bd2a8003q-100x100.webp 100w, https:\/\/shoptoyourneeds.shop\/wp-content\/uploads\/2026\/03\/S8dd747ee5eb44272b096f571bd2a8003q-50x50.webp 50w, https:\/\/shoptoyourneeds.shop\/wp-content\/uploads\/2026\/03\/S8dd747ee5eb44272b096f571bd2a8003q-1x1.webp 1w, https:\/\/shoptoyourneeds.shop\/wp-content\/uploads\/2026\/03\/S8dd747ee5eb44272b096f571bd2a8003q-10x10.webp 10w\" sizes=\"auto, (max-width: 1001px) 100vw, 1001px\" \/>\t\t\t\t\t\t\t\t\t\t\t\t\t\t\t<\/div>\n\t\t\t\t<\/div>\n\t\t\t\t<div class=\"elementor-element elementor-element-589c799e elementor-widget elementor-widget-image\" data-id=\"589c799e\" data-element_type=\"widget\" data-settings=\"{&quot;ekit_we_effect_on&quot;:&quot;none&quot;}\" data-widget_type=\"image.default\">\n\t\t\t\t<div class=\"elementor-widget-container\">\n\t\t\t\t\t\t\t\t\t\t\t\t\t\t\t<img loading=\"lazy\" decoding=\"async\" width=\"1001\" height=\"1001\" src=\"https:\/\/shoptoyourneeds.shop\/wp-content\/uploads\/2026\/03\/Sdac8295831634d98b85fab30e1ce9246L.webp\" class=\"attachment-full size-full wp-image-13455 wvs-archive-product-image\" alt=\"\" srcset=\"https:\/\/shoptoyourneeds.shop\/wp-content\/uploads\/2026\/03\/Sdac8295831634d98b85fab30e1ce9246L.webp 1001w, https:\/\/shoptoyourneeds.shop\/wp-content\/uploads\/2026\/03\/Sdac8295831634d98b85fab30e1ce9246L-300x300.webp 300w, https:\/\/shoptoyourneeds.shop\/wp-content\/uploads\/2026\/03\/Sdac8295831634d98b85fab30e1ce9246L-150x150.webp 150w, https:\/\/shoptoyourneeds.shop\/wp-content\/uploads\/2026\/03\/Sdac8295831634d98b85fab30e1ce9246L-768x768.webp 768w, https:\/\/shoptoyourneeds.shop\/wp-content\/uploads\/2026\/03\/Sdac8295831634d98b85fab30e1ce9246L-12x12.webp 12w, https:\/\/shoptoyourneeds.shop\/wp-content\/uploads\/2026\/03\/Sdac8295831634d98b85fab30e1ce9246L-600x600.webp 600w, https:\/\/shoptoyourneeds.shop\/wp-content\/uploads\/2026\/03\/Sdac8295831634d98b85fab30e1ce9246L-100x100.webp 100w, https:\/\/shoptoyourneeds.shop\/wp-content\/uploads\/2026\/03\/Sdac8295831634d98b85fab30e1ce9246L-50x50.webp 50w, https:\/\/shoptoyourneeds.shop\/wp-content\/uploads\/2026\/03\/Sdac8295831634d98b85fab30e1ce9246L-1x1.webp 1w, https:\/\/shoptoyourneeds.shop\/wp-content\/uploads\/2026\/03\/Sdac8295831634d98b85fab30e1ce9246L-10x10.webp 10w\" sizes=\"auto, (max-width: 1001px) 100vw, 1001px\" \/>\t\t\t\t\t\t\t\t\t\t\t\t\t\t\t<\/div>\n\t\t\t\t<\/div>\n\t\t\t\t<div class=\"elementor-element elementor-element-561ca307 elementor-widget elementor-widget-image\" data-id=\"561ca307\" data-element_type=\"widget\" data-settings=\"{&quot;ekit_we_effect_on&quot;:&quot;none&quot;}\" data-widget_type=\"image.default\">\n\t\t\t\t<div class=\"elementor-widget-container\">\n\t\t\t\t\t\t\t\t\t\t\t\t\t\t\t<img loading=\"lazy\" decoding=\"async\" width=\"750\" height=\"1000\" src=\"https:\/\/shoptoyourneeds.shop\/wp-content\/uploads\/2026\/03\/Sa1e0a5d2b3dc41e0a89cb23a8da5f2ccN.webp\" class=\"attachment-full size-full wp-image-13456 wvs-archive-product-image\" alt=\"\" srcset=\"https:\/\/shoptoyourneeds.shop\/wp-content\/uploads\/2026\/03\/Sa1e0a5d2b3dc41e0a89cb23a8da5f2ccN.webp 750w, https:\/\/shoptoyourneeds.shop\/wp-content\/uploads\/2026\/03\/Sa1e0a5d2b3dc41e0a89cb23a8da5f2ccN-225x300.webp 225w, https:\/\/shoptoyourneeds.shop\/wp-content\/uploads\/2026\/03\/Sa1e0a5d2b3dc41e0a89cb23a8da5f2ccN-9x12.webp 9w, https:\/\/shoptoyourneeds.shop\/wp-content\/uploads\/2026\/03\/Sa1e0a5d2b3dc41e0a89cb23a8da5f2ccN-600x800.webp 600w, https:\/\/shoptoyourneeds.shop\/wp-content\/uploads\/2026\/03\/Sa1e0a5d2b3dc41e0a89cb23a8da5f2ccN-1x1.webp 1w, https:\/\/shoptoyourneeds.shop\/wp-content\/uploads\/2026\/03\/Sa1e0a5d2b3dc41e0a89cb23a8da5f2ccN-8x10.webp 8w\" sizes=\"auto, (max-width: 750px) 100vw, 750px\" \/>\t\t\t\t\t\t\t\t\t\t\t\t\t\t\t<\/div>\n\t\t\t\t<\/div>\n\t\t\t\t<div class=\"elementor-element elementor-element-5232a878 elementor-widget elementor-widget-image\" data-id=\"5232a878\" data-element_type=\"widget\" data-settings=\"{&quot;ekit_we_effect_on&quot;:&quot;none&quot;}\" data-widget_type=\"image.default\">\n\t\t\t\t<div class=\"elementor-widget-container\">\n\t\t\t\t\t\t\t\t\t\t\t\t\t\t\t<img loading=\"lazy\" decoding=\"async\" width=\"750\" height=\"1000\" src=\"https:\/\/shoptoyourneeds.shop\/wp-content\/uploads\/2026\/03\/S2cfd84a49c264ef08c799b6f002ed380A.webp\" class=\"attachment-full size-full wp-image-13457 wvs-archive-product-image\" alt=\"\" srcset=\"https:\/\/shoptoyourneeds.shop\/wp-content\/uploads\/2026\/03\/S2cfd84a49c264ef08c799b6f002ed380A.webp 750w, https:\/\/shoptoyourneeds.shop\/wp-content\/uploads\/2026\/03\/S2cfd84a49c264ef08c799b6f002ed380A-225x300.webp 225w, https:\/\/shoptoyourneeds.shop\/wp-content\/uploads\/2026\/03\/S2cfd84a49c264ef08c799b6f002ed380A-9x12.webp 9w, https:\/\/shoptoyourneeds.shop\/wp-content\/uploads\/2026\/03\/S2cfd84a49c264ef08c799b6f002ed380A-600x800.webp 600w, https:\/\/shoptoyourneeds.shop\/wp-content\/uploads\/2026\/03\/S2cfd84a49c264ef08c799b6f002ed380A-1x1.webp 1w, https:\/\/shoptoyourneeds.shop\/wp-content\/uploads\/2026\/03\/S2cfd84a49c264ef08c799b6f002ed380A-8x10.webp 8w\" sizes=\"auto, (max-width: 750px) 100vw, 750px\" \/>\t\t\t\t\t\t\t\t\t\t\t\t\t\t\t<\/div>\n\t\t\t\t<\/div>\n\t\t\t\t<div class=\"elementor-element elementor-element-4f2e58e4 elementor-widget elementor-widget-image\" data-id=\"4f2e58e4\" data-element_type=\"widget\" data-settings=\"{&quot;ekit_we_effect_on&quot;:&quot;none&quot;}\" data-widget_type=\"image.default\">\n\t\t\t\t<div class=\"elementor-widget-container\">\n\t\t\t\t\t\t\t\t\t\t\t\t\t\t\t<img loading=\"lazy\" decoding=\"async\" width=\"1001\" height=\"1001\" src=\"https:\/\/shoptoyourneeds.shop\/wp-content\/uploads\/2026\/03\/S2be47624473c4b00a4def29ef6014559M.webp\" class=\"attachment-full size-full wp-image-13458 wvs-archive-product-image\" alt=\"\" srcset=\"https:\/\/shoptoyourneeds.shop\/wp-content\/uploads\/2026\/03\/S2be47624473c4b00a4def29ef6014559M.webp 1001w, https:\/\/shoptoyourneeds.shop\/wp-content\/uploads\/2026\/03\/S2be47624473c4b00a4def29ef6014559M-300x300.webp 300w, https:\/\/shoptoyourneeds.shop\/wp-content\/uploads\/2026\/03\/S2be47624473c4b00a4def29ef6014559M-150x150.webp 150w, https:\/\/shoptoyourneeds.shop\/wp-content\/uploads\/2026\/03\/S2be47624473c4b00a4def29ef6014559M-768x768.webp 768w, https:\/\/shoptoyourneeds.shop\/wp-content\/uploads\/2026\/03\/S2be47624473c4b00a4def29ef6014559M-12x12.webp 12w, https:\/\/shoptoyourneeds.shop\/wp-content\/uploads\/2026\/03\/S2be47624473c4b00a4def29ef6014559M-600x600.webp 600w, https:\/\/shoptoyourneeds.shop\/wp-content\/uploads\/2026\/03\/S2be47624473c4b00a4def29ef6014559M-100x100.webp 100w, https:\/\/shoptoyourneeds.shop\/wp-content\/uploads\/2026\/03\/S2be47624473c4b00a4def29ef6014559M-50x50.webp 50w, https:\/\/shoptoyourneeds.shop\/wp-content\/uploads\/2026\/03\/S2be47624473c4b00a4def29ef6014559M-1x1.webp 1w, https:\/\/shoptoyourneeds.shop\/wp-content\/uploads\/2026\/03\/S2be47624473c4b00a4def29ef6014559M-10x10.webp 10w\" sizes=\"auto, (max-width: 1001px) 100vw, 1001px\" \/>\t\t\t\t\t\t\t\t\t\t\t\t\t\t\t<\/div>\n\t\t\t\t<\/div>\n\t\t\t\t<div class=\"elementor-element elementor-element-539e422e elementor-widget elementor-widget-image\" data-id=\"539e422e\" data-element_type=\"widget\" data-settings=\"{&quot;ekit_we_effect_on&quot;:&quot;none&quot;}\" data-widget_type=\"image.default\">\n\t\t\t\t<div class=\"elementor-widget-container\">\n\t\t\t\t\t\t\t\t\t\t\t\t\t\t\t<img loading=\"lazy\" decoding=\"async\" width=\"1001\" height=\"1001\" src=\"https:\/\/shoptoyourneeds.shop\/wp-content\/uploads\/2026\/03\/S9bd95751cc9e462e910eb381b5819bf71.webp\" class=\"attachment-full size-full wp-image-13459 wvs-archive-product-image\" alt=\"\" srcset=\"https:\/\/shoptoyourneeds.shop\/wp-content\/uploads\/2026\/03\/S9bd95751cc9e462e910eb381b5819bf71.webp 1001w, https:\/\/shoptoyourneeds.shop\/wp-content\/uploads\/2026\/03\/S9bd95751cc9e462e910eb381b5819bf71-300x300.webp 300w, https:\/\/shoptoyourneeds.shop\/wp-content\/uploads\/2026\/03\/S9bd95751cc9e462e910eb381b5819bf71-150x150.webp 150w, https:\/\/shoptoyourneeds.shop\/wp-content\/uploads\/2026\/03\/S9bd95751cc9e462e910eb381b5819bf71-768x768.webp 768w, https:\/\/shoptoyourneeds.shop\/wp-content\/uploads\/2026\/03\/S9bd95751cc9e462e910eb381b5819bf71-12x12.webp 12w, https:\/\/shoptoyourneeds.shop\/wp-content\/uploads\/2026\/03\/S9bd95751cc9e462e910eb381b5819bf71-600x600.webp 600w, https:\/\/shoptoyourneeds.shop\/wp-content\/uploads\/2026\/03\/S9bd95751cc9e462e910eb381b5819bf71-100x100.webp 100w, https:\/\/shoptoyourneeds.shop\/wp-content\/uploads\/2026\/03\/S9bd95751cc9e462e910eb381b5819bf71-50x50.webp 50w, https:\/\/shoptoyourneeds.shop\/wp-content\/uploads\/2026\/03\/S9bd95751cc9e462e910eb381b5819bf71-1x1.webp 1w, https:\/\/shoptoyourneeds.shop\/wp-content\/uploads\/2026\/03\/S9bd95751cc9e462e910eb381b5819bf71-10x10.webp 10w\" sizes=\"auto, (max-width: 1001px) 100vw, 1001px\" \/>\t\t\t\t\t\t\t\t\t\t\t\t\t\t\t<\/div>\n\t\t\t\t<\/div>\n\t\t\t\t<div class=\"elementor-element elementor-element-4e9de5b3 elementor-widget elementor-widget-text-editor\" data-id=\"4e9de5b3\" data-element_type=\"widget\" data-settings=\"{&quot;ekit_we_effect_on&quot;:&quot;none&quot;}\" data-widget_type=\"text-editor.default\">\n\t\t\t\t<div class=\"elementor-widget-container\">\n\t\t\t\t\t\t\t\t\t<table class=\"specs-table\">\n    <tr>\n        <td>Detalles<\/td>\n        <td><\/td>\n    <\/tr>\n    <tr>\n        <td>Producto qu\u00edmico de alta preocupaci\u00f3n<\/td>\n        <td><span class=\"none-badge\">Ninguno<\/span><\/td>\n    <\/tr>\n    <tr>\n        <td>Potencia (W)<\/td>\n        <td><span class=\"power-badge\">500 vatios<\/span><\/td>\n    <\/tr>\n    <tr>\n        <td>Placas intercambiables<\/td>\n        <td><span class=\"plate-badge\">M\u00e1quina para hacer barquillos<\/span><\/td>\n    <\/tr>\n    <tr>\n        <td>Voltaje<\/td>\n        <td><span class=\"voltage-badge\">220 voltios<\/span><\/td>\n    <\/tr>\n<\/table>\n\n<style>\n    .specs-table {\n        width: 100%;\n        border-collapse: collapse;\n        font-family: 'Segoe UI', Arial, sans-serif;\n        font-size: 14px;\n    }\n    .specs-table tr {\n        border-bottom: 1px solid #e0e0e0;\n    }\n    .specs-table td {\n        padding: 12px 0;\n        text-align: left;\n        vertical-align: top;\n    }\n    .specs-table td:first-child {\n        font-weight: 600;\n        width: 40%;\n        color: #2c3e50;\n    }\n    .specs-table td:last-child {\n        width: 60%;\n    }\n    .none-badge {\n        background-color: #f5f5f5;\n        color: #757575;\n        padding: 8px 16px;\n        border-radius: 4px;\n        font-style: italic;\n        display: inline-block;\n        border: 1px solid #e0e0e0;\n    }\n    .power-badge {\n        background-color: #fff8e1;\n        color: #ff8f00;\n        padding: 8px 16px;\n        border-radius: 4px;\n        font-weight: 700;\n        font-size: 15px;\n        display: inline-block;\n        border: 1px solid #ffecb3;\n    }\n    .plate-badge {\n        background-color: #e8f5e9;\n        color: #2e7d32;\n        padding: 8px 16px;\n        border-radius: 4px;\n        font-weight: 600;\n        display: inline-block;\n        border: 1px solid #c8e6c9;\n    }\n    .voltage-badge {\n        background-color: #e3f2fd;\n        color: #1565c0;\n        padding: 8px 16px;\n        border-radius: 4px;\n        font-weight: 600;\n        display: inline-block;\n        border: 1px solid #bbdefb;\n    }\n<\/style>\t\t\t\t\t\t\t\t<\/div>\n\t\t\t\t<\/div>\n\t\t\t\t\t<\/div>\n\t\t\t\t<\/div>\n\t\t\t\t<\/div>","protected":false},"excerpt":{"rendered":"<p>Detalles Producto qu\u00edmico de alta preocupaci\u00f3n Ninguno Potencia (W) 500 vatios Placas intercambiables M\u00e1quina para hacer barquillos Voltaje 220 voltios<\/p>","protected":false},"featured_media":13443,"comment_status":"open","ping_status":"closed","template":"","meta":{"_acf_changed":false},"etheme_brands":[],"product_brand":[],"product_cat":[118],"product_tag":[],"class_list":{"0":"post-13442","1":"product","2":"type-product","3":"status-publish","4":"has-post-thumbnail","6":"product_cat-sale-shop","8":"first","9":"instock","10":"sale","11":"shipping-taxable","12":"purchasable","13":"product-type-simple"},"acf":[],"_links":{"self":[{"href":"https:\/\/shoptoyourneeds.shop\/es\/wp-json\/wp\/v2\/product\/13442","targetHints":{"allow":["GET"]}}],"collection":[{"href":"https:\/\/shoptoyourneeds.shop\/es\/wp-json\/wp\/v2\/product"}],"about":[{"href":"https:\/\/shoptoyourneeds.shop\/es\/wp-json\/wp\/v2\/types\/product"}],"replies":[{"embeddable":true,"href":"https:\/\/shoptoyourneeds.shop\/es\/wp-json\/wp\/v2\/comments?post=13442"}],"version-history":[{"count":4,"href":"https:\/\/shoptoyourneeds.shop\/es\/wp-json\/wp\/v2\/product\/13442\/revisions"}],"predecessor-version":[{"id":13467,"href":"https:\/\/shoptoyourneeds.shop\/es\/wp-json\/wp\/v2\/product\/13442\/revisions\/13467"}],"wp:featuredmedia":[{"embeddable":true,"href":"https:\/\/shoptoyourneeds.shop\/es\/wp-json\/wp\/v2\/media\/13443"}],"wp:attachment":[{"href":"https:\/\/shoptoyourneeds.shop\/es\/wp-json\/wp\/v2\/media?parent=13442"}],"wp:term":[{"taxonomy":"brand","embeddable":true,"href":"https:\/\/shoptoyourneeds.shop\/es\/wp-json\/wp\/v2\/etheme_brands?post=13442"},{"taxonomy":"product_brand","embeddable":true,"href":"https:\/\/shoptoyourneeds.shop\/es\/wp-json\/wp\/v2\/product_brand?post=13442"},{"taxonomy":"product_cat","embeddable":true,"href":"https:\/\/shoptoyourneeds.shop\/es\/wp-json\/wp\/v2\/product_cat?post=13442"},{"taxonomy":"product_tag","embeddable":true,"href":"https:\/\/shoptoyourneeds.shop\/es\/wp-json\/wp\/v2\/product_tag?post=13442"}],"curies":[{"name":"wp","href":"https:\/\/api.w.org\/{rel}","templated":true}]}}